{"id":1118,"date":"2024-02-16T09:55:54","date_gmt":"2024-02-16T09:55:54","guid":{"rendered":"https:\/\/viajur.wpenginepowered.com\/?page_id=1118"},"modified":"2024-03-26T11:55:15","modified_gmt":"2024-03-26T11:55:15","slug":"sparkling-wines","status":"publish","type":"page","link":"https:\/\/viajur.sk\/en\/wines\/sparkling-wines\/","title":{"rendered":"Sparkling wines"},"content":{"rendered":"<section class=\"l-section wpb_row us_custom_44c6bcdc vj_header_hero height_medium\"><div class=\"l-section-overlay\" style=\"background:linear-gradient(113.88deg, rgba(79, 66, 59, 0.5) 0%, rgba(198, 139, 102, 0.5) 100%)\"><\/div><div class=\"l-section-h i-cf\"><div class=\"g-cols vc_row via_grid cols_1 laptops-cols_inherit tablets-cols_inherit mobiles-cols_1 valign_top type_default stacking_default\"><div class=\"wpb_column vc_column_container\"><div class=\"vc_column-inner\"><div class=\"wpb_text_column us_custom_eb849559\"><div class=\"wpb_wrapper\"><h1>Sparkling wines<\/h1>\n<\/div><\/div><\/div><\/div><\/div><\/div><\/section><section class=\"l-section wpb_row us_custom_d1bc5a04 vj_sticky_menu height_medium type_sticky\"><div class=\"l-section-h i-cf\"><div class=\"g-cols vc_row via_grid cols_1 laptops-cols_inherit tablets-cols_inherit mobiles-cols_1 valign_top type_default stacking_default\"><div class=\"wpb_column vc_column_container\"><div class=\"vc_column-inner\"><nav class=\"w-menu us_custom_5d178e00 layout_hor style_blocks us_menu_1\" style=\"--main-gap:3.75rem;--main-ver-indent:2rem;--main-bg-color:#DAD1C8;--main-color:#191717;--main-hover-bg-color:#DAD1C8;--main-hover-color:#191717;--main-active-bg-color:#DAD1C8;--main-active-color:#191717;\"><ul id=\"menu-menu-wines-en\" class=\"menu\"><li id=\"menu-item-1361\" class=\"menu-item menu-item-type-post_type menu-item-object-page menu-item-1361\"><a href=\"https:\/\/viajur.sk\/en\/wines\/\">Overview<\/a><\/li><li id=\"menu-item-1362\" class=\"menu-item menu-item-type-post_type menu-item-object-page menu-item-1362\"><a href=\"https:\/\/viajur.sk\/en\/wines\/classic\/\">Classic<\/a><\/li><li id=\"menu-item-1363\" class=\"menu-item menu-item-type-post_type menu-item-object-page menu-item-1363\"><a href=\"https:\/\/viajur.sk\/en\/wines\/pro-rege-et-patria\/\">Pro rege et patria<\/a><\/li><li id=\"menu-item-1364\" class=\"menu-item menu-item-type-post_type menu-item-object-page menu-item-1364\"><a href=\"https:\/\/viajur.sk\/en\/wines\/ars-in-vino\/\">Ars in vino<\/a><\/li><li id=\"menu-item-1365\" class=\"menu-item menu-item-type-post_type menu-item-object-page menu-item-1365\"><a href=\"https:\/\/viajur.sk\/en\/wines\/sparkling-wines\/\">Sparkling wines<\/a><\/li><li id=\"menu-item-1832\" class=\"menu-item menu-item-type-post_type menu-item-object-page menu-item-1832\"><a href=\"https:\/\/viajur.sk\/en\/wines\/cans-of-wine\/\">Cans of wine<\/a><\/li><\/ul><style>@media ( max-width:10px ){.us_menu_1 .menu{display:block!important}.us_menu_1 .menu>li{margin:0 0 var(--main-gap,3.75rem)!important}}<\/style><\/nav><\/div><\/div><\/div><\/div><\/section>\n<section class=\"l-section wpb_row us_custom_6e3ae7e1 height_medium\"><div class=\"l-section-h i-cf\"><div class=\"g-cols vc_row via_grid cols_1 laptops-cols_inherit tablets-cols_inherit mobiles-cols_1 valign_top type_default stacking_default\"><div class=\"wpb_column vc_column_container\"><div class=\"vc_column-inner\"><div class=\"wpb_text_column us_custom_05eee780 subtitle subtitle-13 has_text_color\"><div class=\"wpb_wrapper\"><p>Sparkling wines<\/p>\n<\/div><\/div><div class=\"wpb_text_column us_custom_97a40a47\"><div class=\"wpb_wrapper\"><h2>The beautiful story of Katar\u00edna P\u00e1lffy and \u0160tefan Ile\u0161h\u00e1zi also inspired us in the production of sparkling wine. It is the steadfast love of the former owners that is personified on the labels of our premium sparkling wines.<\/h2>\n<\/div><\/div><form class=\"w-filter for_grid state_desktop us-field-style_1 us_custom_ffdaec03 vj_grid_filter layout_hor items_1 mod_side style_switch_default align_center drop_on_hover hide_item_title hide_disabled_values\" action onsubmit=\"return false;\" onclick='return {&quot;filterPrefix&quot;:&quot;filter&quot;,&quot;hideDisabledValues&quot;:true,&quot;layout&quot;:&quot;hor&quot;,&quot;mobileWidth&quot;:0,&quot;use_grid&quot;:&quot;first&quot;,&quot;gridNotFoundMessage&quot;:&quot;Nothing to filter. Add a suitable Grid to this page.&quot;}'><div class=\"w-filter-list\"><div class=\"w-filter-item type_radio\" data-source=\"tax|vintage\"><button class=\"w-filter-item-title\">Vintage<span><\/span><\/button><a class=\"w-filter-item-reset\" href=\"#\" title=\"Reset\"><span>Reset<\/span><\/a><div class=\"w-filter-item-content\"><div class=\"w-filter-item-values\" data-maxheight=\"40vh\" style=\"max-height:40vh\"><div class=\"w-filter-item-value selected\"><label><input type=\"radio\" value=\"*\" name=\"filter_vintage\" checked='checked'><span class=\"w-filter-item-value-label\">All<\/span><\/label><\/div><div class=\"w-filter-item-value\" data-item-amount=\"5\"><label><input type=\"radio\" value=\"2020\" name=\"filter_vintage\"><span class=\"w-filter-item-value-label\">2020<\/span><\/label><\/div><div class=\"w-filter-item-value\" data-item-amount=\"17\"><label><input type=\"radio\" value=\"2021\" name=\"filter_vintage\"><span class=\"w-filter-item-value-label\">2021<\/span><\/label><\/div><div class=\"w-filter-item-value\" data-item-amount=\"29\"><label><input type=\"radio\" value=\"2022\" name=\"filter_vintage\"><span class=\"w-filter-item-value-label\">2022<\/span><\/label><\/div><div class=\"w-filter-item-value\" data-item-amount=\"16\"><label><input type=\"radio\" value=\"2023\" name=\"filter_vintage\"><span class=\"w-filter-item-value-label\">2023<\/span><\/label><\/div><div class=\"w-filter-item-value\" data-item-amount=\"4\"><label><input type=\"radio\" value=\"2024\" name=\"filter_vintage\"><span class=\"w-filter-item-value-label\">2024<\/span><\/label><\/div><div class=\"w-filter-item-value\" data-item-amount=\"5\"><label><input type=\"radio\" value=\"2025\" name=\"filter_vintage\"><span class=\"w-filter-item-value-label\">2025<\/span><\/label><\/div><\/div><\/div><\/div><\/div><div class=\"w-filter-json-filters-args hidden\" onclick='return {&quot;taxonomies_query_args&quot;:{&quot;tax|vintage&quot;:{&quot;2020&quot;:{&quot;fields&quot;:&quot;ids&quot;,&quot;nopaging&quot;:true,&quot;post_status&quot;:[&quot;publish&quot;,&quot;inherit&quot;],&quot;post_type&quot;:[],&quot;posts_per_page&quot;:1,&quot;suppress_filters&quot;:true,&quot;tax_query&quot;:[{&quot;taxonomy&quot;:&quot;vintage&quot;,&quot;field&quot;:&quot;slug&quot;,&quot;terms&quot;:&quot;2020&quot;}]},&quot;2021&quot;:{&quot;fields&quot;:&quot;ids&quot;,&quot;nopaging&quot;:true,&quot;post_status&quot;:[&quot;publish&quot;,&quot;inherit&quot;],&quot;post_type&quot;:[],&quot;posts_per_page&quot;:1,&quot;suppress_filters&quot;:true,&quot;tax_query&quot;:[{&quot;taxonomy&quot;:&quot;vintage&quot;,&quot;field&quot;:&quot;slug&quot;,&quot;terms&quot;:&quot;2021&quot;}]},&quot;2022&quot;:{&quot;fields&quot;:&quot;ids&quot;,&quot;nopaging&quot;:true,&quot;post_status&quot;:[&quot;publish&quot;,&quot;inherit&quot;],&quot;post_type&quot;:[],&quot;posts_per_page&quot;:1,&quot;suppress_filters&quot;:true,&quot;tax_query&quot;:[{&quot;taxonomy&quot;:&quot;vintage&quot;,&quot;field&quot;:&quot;slug&quot;,&quot;terms&quot;:&quot;2022&quot;}]},&quot;2023&quot;:{&quot;fields&quot;:&quot;ids&quot;,&quot;nopaging&quot;:true,&quot;post_status&quot;:[&quot;publish&quot;,&quot;inherit&quot;],&quot;post_type&quot;:[],&quot;posts_per_page&quot;:1,&quot;suppress_filters&quot;:true,&quot;tax_query&quot;:[{&quot;taxonomy&quot;:&quot;vintage&quot;,&quot;field&quot;:&quot;slug&quot;,&quot;terms&quot;:&quot;2023&quot;}]},&quot;2024&quot;:{&quot;fields&quot;:&quot;ids&quot;,&quot;nopaging&quot;:true,&quot;post_status&quot;:[&quot;publish&quot;,&quot;inherit&quot;],&quot;post_type&quot;:[],&quot;posts_per_page&quot;:1,&quot;suppress_filters&quot;:true,&quot;tax_query&quot;:[{&quot;taxonomy&quot;:&quot;vintage&quot;,&quot;field&quot;:&quot;slug&quot;,&quot;terms&quot;:&quot;2024&quot;}]},&quot;2025&quot;:{&quot;fields&quot;:&quot;ids&quot;,&quot;nopaging&quot;:true,&quot;post_status&quot;:[&quot;publish&quot;,&quot;inherit&quot;],&quot;post_type&quot;:[],&quot;posts_per_page&quot;:1,&quot;suppress_filters&quot;:true,&quot;tax_query&quot;:[{&quot;taxonomy&quot;:&quot;vintage&quot;,&quot;field&quot;:&quot;slug&quot;,&quot;terms&quot;:&quot;2025&quot;}]}}}}'><\/div><\/form><div class=\"w-grid us_grid us_custom_1cdd5b8d vj_grid_wines type_grid layout_559 cols_3 valign_center preload_style_spinner\" id=\"us_grid_1\" style=\"--columns:3;--gap:1.25rem;\" data-filterable=\"true\"><style>@media (max-width:960px){#us_grid_1{--columns:2!important}}@media (max-width:600px){#us_grid_1{--columns:1!important}}.layout_559 .w-grid-item-h{}.layout_559 .usg_vwrapper_1{width:100%!important;max-width:360px!important;margin-left:auto!important;margin-right:auto!important}.layout_559 .usg_post_image_1{width:100%!important;height:448px!important;margin-bottom:2rem!important}.layout_559 .usg_post_custom_field_1{color:#C1825B!important;text-align:center!important}.layout_559 .usg_post_title_1{color:#191717!important;text-align:center!important}.layout_559 .usg_text_1{width:123px!important;margin-left:auto!important;margin-top:auto!important;margin-right:auto!important}<\/style><div class=\"w-grid-list\">\t<article class=\"w-grid-item size_1x1 post-2866 wines type-wines status-publish has-post-thumbnail hentry category-sekty vintage-66\" data-id=\"2866\">\r\n\t\t<div class=\"w-grid-item-h\">\r\n\t\t\t\t\t\t<div class=\"w-vwrapper usg_vwrapper_1 clickbox align_center valign_top\" style=\"--vwrapper-gap:10px\"><div class=\"w-post-elm post_image usg_post_image_1 vj_img_contain has_width has_height\"><a href=\"https:\/\/viajur.sk\/en\/wine\/sekty\/blanc-de-blancs-nv-ars-in-vino\/\" aria-label=\"Blanc De Blancs NV Ars in Vino\"><img loading=\"lazy\" decoding=\"async\" width=\"264\" height=\"740\" src=\"https:\/\/viajur.sk\/wp-content\/uploads\/2024\/02\/Blanc-de-blancs.png\" class=\"attachment-large size-large wp-post-image\" alt=\"\" srcset=\"https:\/\/viajur.sk\/wp-content\/uploads\/2024\/02\/Blanc-de-blancs.png 264w, https:\/\/viajur.sk\/wp-content\/uploads\/2024\/02\/Blanc-de-blancs-107x300.png 107w\" sizes=\"auto, (max-width: 264px) 100vw, 264px\" title=\"\"><\/a><\/div><p class=\"w-post-elm post_custom_field usg_post_custom_field_1 subtitle subtitle-13 has_text_color type_text _description color_link_inherit\"><span class=\"w-post-elm-value\">BIELE, EXTRA DRY, 2023<\/span><\/p><h4 class=\"w-post-elm post_title usg_post_title_1 has_text_color align_center entry-title color_link_inherit\"><a href=\"https:\/\/viajur.sk\/en\/wine\/sekty\/blanc-de-blancs-nv-ars-in-vino\/\">Blanc De Blancs NV Ars in Vino<\/a><\/h4><p class=\"w-text usg_text_1 vj_link vj_link_dark subtitle subtitle-13\"><span class=\"w-text-h\"><span class=\"w-text-value\">detail<\/span><\/span><\/p><\/div>\t\t<\/div>\r\n\t\t\t<\/article>\r\n\t<article class=\"w-grid-item size_1x1 post-2867 wines type-wines status-publish has-post-thumbnail hentry category-sekty vintage-66\" data-id=\"2867\">\r\n\t\t<div class=\"w-grid-item-h\">\r\n\t\t\t\t\t\t<div class=\"w-vwrapper usg_vwrapper_1 clickbox align_center valign_top\" style=\"--vwrapper-gap:10px\"><div class=\"w-post-elm post_image usg_post_image_1 vj_img_contain has_width has_height\"><a href=\"https:\/\/viajur.sk\/en\/wine\/sekty\/blanc-de-noir-2023-ars-in-vino\/\" aria-label=\"Blanc De Noir 2023 Ars in Vino\"><img loading=\"lazy\" decoding=\"async\" width=\"219\" height=\"740\" src=\"https:\/\/viajur.sk\/wp-content\/uploads\/2024\/02\/Viajur-Sekt-Blanc-de-Noir-2022.png\" class=\"attachment-large size-large wp-post-image\" alt=\"\" srcset=\"https:\/\/viajur.sk\/wp-content\/uploads\/2024\/02\/Viajur-Sekt-Blanc-de-Noir-2022.png 219w, https:\/\/viajur.sk\/wp-content\/uploads\/2024\/02\/Viajur-Sekt-Blanc-de-Noir-2022-89x300.png 89w\" sizes=\"auto, (max-width: 219px) 100vw, 219px\" title=\"\"><\/a><\/div><p class=\"w-post-elm post_custom_field usg_post_custom_field_1 subtitle subtitle-13 has_text_color type_text _description color_link_inherit\"><span class=\"w-post-elm-value\">BIELE, EXTRA DRY, 2023<\/span><\/p><h4 class=\"w-post-elm post_title usg_post_title_1 has_text_color align_center entry-title color_link_inherit\"><a href=\"https:\/\/viajur.sk\/en\/wine\/sekty\/blanc-de-noir-2023-ars-in-vino\/\">Blanc De Noir 2023 Ars in Vino<\/a><\/h4><p class=\"w-text usg_text_1 vj_link vj_link_dark subtitle subtitle-13\"><span class=\"w-text-h\"><span class=\"w-text-value\">detail<\/span><\/span><\/p><\/div>\t\t<\/div>\r\n\t\t\t<\/article>\r\n\t<article class=\"w-grid-item size_1x1 post-1291 wines type-wines status-publish has-post-thumbnail hentry category-sparkling-wines vintage-65\" data-id=\"1291\">\r\n\t\t<div class=\"w-grid-item-h\">\r\n\t\t\t\t\t\t<div class=\"w-vwrapper usg_vwrapper_1 clickbox align_center valign_top\" style=\"--vwrapper-gap:10px\"><div class=\"w-post-elm post_image usg_post_image_1 vj_img_contain has_width has_height\"><a href=\"https:\/\/viajur.sk\/en\/wine\/sparkling-wines\/blanc-de-noir-2022-ars-in-vino\/\" aria-label=\"Blanc De Noir 2022 Ars in Vino\"><img loading=\"lazy\" decoding=\"async\" width=\"219\" height=\"740\" src=\"https:\/\/viajur.sk\/wp-content\/uploads\/2024\/02\/Viajur-Sekt-Blanc-de-Noir-2022.png\" class=\"attachment-large size-large wp-post-image\" alt=\"\" srcset=\"https:\/\/viajur.sk\/wp-content\/uploads\/2024\/02\/Viajur-Sekt-Blanc-de-Noir-2022.png 219w, https:\/\/viajur.sk\/wp-content\/uploads\/2024\/02\/Viajur-Sekt-Blanc-de-Noir-2022-89x300.png 89w\" sizes=\"auto, (max-width: 219px) 100vw, 219px\" title=\"\"><\/a><\/div><p class=\"w-post-elm post_custom_field usg_post_custom_field_1 subtitle subtitle-13 has_text_color type_text _description color_link_inherit\"><span class=\"w-post-elm-value\">white, EXTRA DRY, 2022<\/span><\/p><h4 class=\"w-post-elm post_title usg_post_title_1 has_text_color align_center entry-title color_link_inherit\"><a href=\"https:\/\/viajur.sk\/en\/wine\/sparkling-wines\/blanc-de-noir-2022-ars-in-vino\/\">Blanc De Noir 2022 Ars in Vino<\/a><\/h4><p class=\"w-text usg_text_1 vj_link vj_link_dark subtitle subtitle-13\"><span class=\"w-text-h\"><span class=\"w-text-value\">detail<\/span><\/span><\/p><\/div>\t\t<\/div>\r\n\t\t\t<\/article>\r\n\t<article class=\"w-grid-item size_1x1 post-1287 wines type-wines status-publish has-post-thumbnail hentry category-sparkling-wines vintage-65\" data-id=\"1287\">\r\n\t\t<div class=\"w-grid-item-h\">\r\n\t\t\t\t\t\t<div class=\"w-vwrapper usg_vwrapper_1 clickbox align_center valign_top\" style=\"--vwrapper-gap:10px\"><div class=\"w-post-elm post_image usg_post_image_1 vj_img_contain has_width has_height\"><a href=\"https:\/\/viajur.sk\/en\/wine\/sparkling-wines\/blanc-de-blancs-2022-ars-in-vino\/\" aria-label=\"Blanc De Blancs 2022 Ars in Vino\"><img loading=\"lazy\" decoding=\"async\" width=\"264\" height=\"740\" src=\"https:\/\/viajur.sk\/wp-content\/uploads\/2024\/02\/Blanc-de-blancs.png\" class=\"attachment-large size-large wp-post-image\" alt=\"\" srcset=\"https:\/\/viajur.sk\/wp-content\/uploads\/2024\/02\/Blanc-de-blancs.png 264w, https:\/\/viajur.sk\/wp-content\/uploads\/2024\/02\/Blanc-de-blancs-107x300.png 107w\" sizes=\"auto, (max-width: 264px) 100vw, 264px\" title=\"\"><\/a><\/div><p class=\"w-post-elm post_custom_field usg_post_custom_field_1 subtitle subtitle-13 has_text_color type_text _description color_link_inherit\"><span class=\"w-post-elm-value\">white, EXTRA DRY, 2022<\/span><\/p><h4 class=\"w-post-elm post_title usg_post_title_1 has_text_color align_center entry-title color_link_inherit\"><a href=\"https:\/\/viajur.sk\/en\/wine\/sparkling-wines\/blanc-de-blancs-2022-ars-in-vino\/\">Blanc De Blancs 2022 Ars in Vino<\/a><\/h4><p class=\"w-text usg_text_1 vj_link vj_link_dark subtitle subtitle-13\"><span class=\"w-text-h\"><span class=\"w-text-value\">detail<\/span><\/span><\/p><\/div>\t\t<\/div>\r\n\t\t\t<\/article>\r\n<\/div>\t<div class=\"w-grid-preloader\">\r\n\t\t<div class=\"g-preloader type_1\">\r\n\t\t\t<div><\/div>\r\n\t\t<\/div>\r\n\t<\/div>\r\n\t\t<div class=\"w-grid-json hidden\" onclick='return {&quot;action&quot;:&quot;us_ajax_grid&quot;,&quot;infinite_scroll&quot;:0,&quot;max_num_pages&quot;:1,&quot;pagination&quot;:&quot;none&quot;,&quot;template_vars&quot;:{&quot;columns&quot;:&quot;3&quot;,&quot;exclude_items&quot;:&quot;none&quot;,&quot;img_size&quot;:&quot;default&quot;,&quot;ignore_items_size&quot;:0,&quot;items_layout&quot;:&quot;559&quot;,&quot;items_offset&quot;:&quot;1&quot;,&quot;load_animation&quot;:&quot;none&quot;,&quot;overriding_link&quot;:&quot;%7B%22url%22%3A%22%22%7D&quot;,&quot;post_id&quot;:0,&quot;query_args&quot;:{&quot;post_type&quot;:[&quot;wines&quot;],&quot;tax_query&quot;:[{&quot;taxonomy&quot;:&quot;category&quot;,&quot;field&quot;:&quot;slug&quot;,&quot;terms&quot;:[&quot;sekty&quot;]}],&quot;post_status&quot;:[&quot;publish&quot;],&quot;posts_per_page&quot;:&quot;50&quot;},&quot;orderby_query_args&quot;:{&quot;orderby&quot;:{&quot;date&quot;:&quot;DESC&quot;}},&quot;type&quot;:&quot;grid&quot;,&quot;us_grid_post_type&quot;:&quot;wines&quot;,&quot;us_grid_ajax_index&quot;:1,&quot;us_grid_filter_query_string&quot;:null,&quot;us_grid_index&quot;:1,&quot;page_args&quot;:[],&quot;lang&quot;:&quot;en&quot;}}'><\/div>\r\n\t<\/div><\/div><\/div><\/div><\/div><\/section>\n","protected":false},"excerpt":{"rendered":"Wine SPARKLING WINES Blanc De Blancs 2022 Ars in VinoBlanc De Blancs 2022 Ars in VinoThe sparkling wine has a light greenish-yellow colour with a gentle, persistent pearliness. The fragrance is dominated by citrus fruits and the smell of apple pie. Solid acids are in harmony with the Brut category dosage. MoreLessBuy on the VIAJUR...","protected":false},"author":2,"featured_media":0,"parent":738,"menu_order":0,"comment_status":"closed","ping_status":"closed","template":"","meta":{"footnotes":""},"class_list":["post-1118","page","type-page","status-publish","hentry"],"_links":{"self":[{"href":"https:\/\/viajur.sk\/en\/wp-json\/wp\/v2\/pages\/1118","targetHints":{"allow":["GET"]}}],"collection":[{"href":"https:\/\/viajur.sk\/en\/wp-json\/wp\/v2\/pages"}],"about":[{"href":"https:\/\/viajur.sk\/en\/wp-json\/wp\/v2\/types\/page"}],"author":[{"embeddable":true,"href":"https:\/\/viajur.sk\/en\/wp-json\/wp\/v2\/users\/2"}],"replies":[{"embeddable":true,"href":"https:\/\/viajur.sk\/en\/wp-json\/wp\/v2\/comments?post=1118"}],"version-history":[{"count":0,"href":"https:\/\/viajur.sk\/en\/wp-json\/wp\/v2\/pages\/1118\/revisions"}],"up":[{"embeddable":true,"href":"https:\/\/viajur.sk\/en\/wp-json\/wp\/v2\/pages\/738"}],"wp:attachment":[{"href":"https:\/\/viajur.sk\/en\/wp-json\/wp\/v2\/media?parent=1118"}],"curies":[{"name":"wp","href":"https:\/\/api.w.org\/{rel}","templated":true}]}}