{"id":1123,"date":"2024-02-23T14:09:51","date_gmt":"2024-02-23T14:09:51","guid":{"rendered":"https:\/\/viajur.wpenginepowered.com\/?page_id=1123"},"modified":"2024-03-18T09:46:11","modified_gmt":"2024-03-18T09:46:11","slug":"svaty-jur","status":"publish","type":"page","link":"https:\/\/viajur.sk\/en\/svaty-jur\/","title":{"rendered":"Sv\u00e4t\u00fd Jur"},"content":{"rendered":"<section class=\"l-section wpb_row us_custom_896cfa17 vj_header_hero height_medium with_img\"><div class=\"l-section-img\" role=\"img\" aria-label=\"Image\" data-img-width=\"1440\" data-img-height=\"580\" style=\"background-image: url(https:\/\/viajur.sk\/wp-content\/uploads\/2024\/03\/usadlost-svaty-jur-1.jpg);background-position: bottom center;background-repeat: no-repeat;\"><\/div><div class=\"l-section-overlay\" style=\"background:linear-gradient(113.88deg, rgba(79, 66, 59, 0.5) 0%, rgba(198, 139, 102, 0.5) 100%)\"><\/div><div class=\"l-section-h i-cf\"><div class=\"g-cols vc_row via_grid cols_1 laptops-cols_inherit tablets-cols_inherit mobiles-cols_1 valign_top type_default stacking_default\"><div class=\"wpb_column vc_column_container\"><div class=\"vc_column-inner\"><div class=\"wpb_text_column us_custom_eb849559\"><div class=\"wpb_wrapper\"><h1>Estate Sv\u00e4t\u00fd Jur<\/h1>\n<\/div><\/div><\/div><\/div><\/div><\/div><\/section><section class=\"l-section wpb_row us_custom_d1bc5a04 vj_sticky_menu height_medium type_sticky\"><div class=\"l-section-h i-cf\"><div class=\"g-cols vc_row via_grid cols_1 laptops-cols_inherit tablets-cols_inherit mobiles-cols_1 valign_top type_default stacking_default\"><div class=\"wpb_column vc_column_container\"><div class=\"vc_column-inner\"><nav class=\"w-menu us_custom_5d178e00 layout_hor style_blocks us_menu_1\" style=\"--main-gap:3.75rem;--main-ver-indent:2rem;--main-bg-color:#DAD1C8;--main-color:#191717;--main-hover-bg-color:#DAD1C8;--main-hover-color:#191717;--main-active-bg-color:#DAD1C8;--main-active-color:#191717;\"><ul id=\"menu-menu-svaty-jur-en\" class=\"menu\"><li id=\"menu-item-1367\" class=\"menu-item menu-item-type-post_type menu-item-object-page menu-item-1367\"><a href=\"https:\/\/viajur.sk\/en\/svaty-jur\/\">Overview<\/a><\/li><li id=\"menu-item-1368\" class=\"menu-item menu-item-type-post_type menu-item-object-page menu-item-1368\"><a href=\"https:\/\/viajur.sk\/en\/svaty-jur\/vineyards\/\">Vineyards<\/a><\/li><li id=\"menu-item-1370\" class=\"menu-item menu-item-type-post_type menu-item-object-page menu-item-1370\"><a href=\"https:\/\/viajur.sk\/en\/svaty-jur\/cellars\/\">Cellars<\/a><\/li><li id=\"menu-item-1369\" class=\"menu-item menu-item-type-post_type menu-item-object-page menu-item-1369\"><a href=\"https:\/\/viajur.sk\/en\/svaty-jur\/wine-tours\/\">Wine Tours<\/a><\/li><\/ul><style>@media ( max-width:10px ){.us_menu_1 .menu{display:block!important}.us_menu_1 .menu>li{margin:0 0 var(--main-gap,3.75rem)!important}}<\/style><\/nav><\/div><\/div><\/div><\/div><\/section>\n<section class=\"l-section wpb_row us_custom_8f2ab4b5 vj_content_single height_medium\"><div class=\"l-section-h i-cf\"><div class=\"g-cols vc_row via_grid cols_1 laptops-cols_inherit tablets-cols_inherit mobiles-cols_1 valign_top type_default stacking_default\"><div class=\"wpb_column vc_column_container vj_content_block_content\"><div class=\"vc_column-inner\"><div class=\"w-vwrapper us_custom_1a1bc824 align_center valign_top\" style=\"--vwrapper-gap:0rem\"><div class=\"wpb_text_column us_custom_1e9d1b86 subtitle subtitle-13 has_text_color\"><div class=\"wpb_wrapper\"><p>OVERVIEW<\/p>\n<\/div><\/div><div class=\"wpb_text_column us_custom_35d2cc3e\"><div class=\"wpb_wrapper\"><h2>The wine-growing history of the royal town of Sv\u00e4t\u00fd Jur goes back far into the past.<\/h2>\n<\/div><\/div><div class=\"wpb_text_column us_custom_eb849559\"><div class=\"wpb_wrapper\"><p>After all, it is in the Small Carpathian region that vines have almost always been grown. We decided to return life to abandoned, but once very prosperous vineyards with great potential. The walls soaked in the aroma of wine for centuries were revealed to the VIAJUR winery by the P\u00e1lffy Manor and it is in its original cellars that the processing and production of our wines takes place. Currently, the sun-drenched vineyards with the silhouette of the Palffy Manor House in the background create an unrepeatable colouring and atmosphere of this magical place at the foot of the Small Carpathians.<\/p>\n<\/div><\/div><\/div><\/div><\/div><\/div><\/div><\/section><section class=\"l-section wpb_row us_custom_577a9dba vj_content_block vj_content_block_left height_medium\"><div class=\"l-section-h i-cf\"><div class=\"g-cols vc_row via_grid cols_2-1 laptops-cols_inherit tablets-cols_inherit mobiles-cols_1 valign_middle type_default stacking_default\" style=\"--columns-gap:8.75rem;--laptops-columns-gap:8.75rem;--tablets-columns-gap:1.875rem;--mobiles-columns-gap:1.875rem;\"><div class=\"wpb_column vc_column_container us_custom_5530050a vj_content_block_photo stretched\"><div class=\"vc_column-inner\"><div class=\"w-image us_custom_dd5e410f vj_img_overlay vj_img_cover has_height align_left\"><div class=\"w-image-h\"><img decoding=\"async\" width=\"800\" height=\"600\" src=\"https:\/\/viajur.sk\/wp-content\/uploads\/2024\/03\/vinohrady-svaty-jur-kostol-2.jpg\" class=\"attachment-large size-large\" alt=\"\" loading=\"lazy\" srcset=\"https:\/\/viajur.sk\/wp-content\/uploads\/2024\/03\/vinohrady-svaty-jur-kostol-2.jpg 800w, https:\/\/viajur.sk\/wp-content\/uploads\/2024\/03\/vinohrady-svaty-jur-kostol-2-300x225.jpg 300w\" sizes=\"auto, (max-width: 800px) 100vw, 800px\" title=\"\"><\/div><\/div><\/div><\/div><div class=\"wpb_column vc_column_container vj_content_block_content\"><div class=\"vc_column-inner\"><div class=\"w-vwrapper us_custom_2b3cbb5f align_left valign_middle\" style=\"--vwrapper-gap:1.25rem\"><div class=\"wpb_text_column us_custom_1f257949\"><div class=\"wpb_wrapper\"><h3>Vineyards<\/h3>\n<\/div><\/div><div class=\"wpb_text_column us_custom_1f257949\"><div class=\"wpb_wrapper\"><p>At VIAJUR, we honour all the traditions of viticulture and winemaking that are associated with Sv\u00e4t\u00fd Jur. That is why we continue to cultivate varieties typical of this region with respect.<\/p>\n<\/div><\/div><div class=\"wpb_text_column us_custom_f0e85f69 vj_link vj_link_dark\"><div class=\"wpb_wrapper\"><p><a style=\"color: #191717;\" href=\"\/en\/svaty-jur\/vineyards\/\">MORE INFORMATION<\/a><\/p>\n<\/div><\/div><\/div><\/div><\/div><\/div><\/div><\/section><section class=\"l-section wpb_row us_custom_6a723ec2 vj_content_block vj_content_block_right height_medium\"><div class=\"l-section-h i-cf\"><div class=\"g-cols vc_row via_grid cols_1-2 laptops-cols_inherit tablets-cols_inherit mobiles-cols_1 valign_middle type_default reversed stacking_default\" style=\"--columns-gap:8.75rem;--laptops-columns-gap:8.75rem;--tablets-columns-gap:1.875rem;--mobiles-columns-gap:1.875rem;\"><div class=\"wpb_column vc_column_container vj_content_block_content\"><div class=\"vc_column-inner\"><div class=\"w-vwrapper us_custom_076f3e42 align_left valign_middle\" style=\"--vwrapper-gap:1.25rem\"><div class=\"wpb_text_column us_custom_1f257949\"><div class=\"wpb_wrapper\"><h3>Cellars<\/h3>\n<\/div><\/div><div class=\"wpb_text_column us_custom_1f257949\"><div class=\"wpb_wrapper\"><p>We have combined new ideas and modern approaches with the spirit of the P\u00e1lffy Manor House wine cellars, where wine has been produced for centuries.<\/p>\n<\/div><\/div><div class=\"wpb_text_column us_custom_f0e85f69 vj_link vj_link_dark\"><div class=\"wpb_wrapper\"><p><a style=\"color: #191717;\" href=\"\/en\/svaty-jur\/cellars\/\">MORE INFORMATION<\/a><\/p>\n<\/div><\/div><\/div><\/div><\/div><div class=\"wpb_column vc_column_container us_custom_5530050a vj_content_block_photo stretched\"><div class=\"vc_column-inner\"><div class=\"w-image us_custom_dd5e410f vj_img_overlay vj_img_cover has_height align_right\"><div class=\"w-image-h\"><img decoding=\"async\" width=\"800\" height=\"600\" src=\"https:\/\/viajur.sk\/wp-content\/uploads\/2024\/02\/pivnice-svaty-jur.jpg\" class=\"attachment-large size-large\" alt=\"\" loading=\"lazy\" srcset=\"https:\/\/viajur.sk\/wp-content\/uploads\/2024\/02\/pivnice-svaty-jur.jpg 800w, https:\/\/viajur.sk\/wp-content\/uploads\/2024\/02\/pivnice-svaty-jur-300x225.jpg 300w\" sizes=\"auto, (max-width: 800px) 100vw, 800px\" title=\"\"><\/div><\/div><\/div><\/div><\/div><\/div><\/section><section class=\"l-section wpb_row us_custom_871fe30d vj_content_block vj_content_block_left height_medium\"><div class=\"l-section-h i-cf\"><div class=\"g-cols vc_row via_grid cols_2-1 laptops-cols_inherit tablets-cols_inherit mobiles-cols_1 valign_middle type_default stacking_default\" style=\"--columns-gap:8.75rem;--laptops-columns-gap:1.8.7587rempxpxpx;--tablets-columns-gap:1.875rem;--mobiles-columns-gap:1.875rem;\"><div class=\"wpb_column vc_column_container us_custom_5e1ed9b1 vj_content_block_photo stretched\"><div class=\"vc_column-inner\"><div class=\"w-image us_custom_dd5e410f vj_img_overlay vj_img_cover has_height align_left\"><div class=\"w-image-h\"><img decoding=\"async\" width=\"800\" height=\"600\" src=\"https:\/\/viajur.sk\/wp-content\/uploads\/2024\/02\/vinne-degustacie-svaty-jur.jpg\" class=\"attachment-large size-large\" alt=\"\" loading=\"lazy\" srcset=\"https:\/\/viajur.sk\/wp-content\/uploads\/2024\/02\/vinne-degustacie-svaty-jur.jpg 800w, https:\/\/viajur.sk\/wp-content\/uploads\/2024\/02\/vinne-degustacie-svaty-jur-300x225.jpg 300w\" sizes=\"auto, (max-width: 800px) 100vw, 800px\" title=\"\"><\/div><\/div><\/div><\/div><div class=\"wpb_column vc_column_container vj_content_block_content\"><div class=\"vc_column-inner\"><div class=\"w-vwrapper us_custom_2b3cbb5f align_left valign_middle\" style=\"--vwrapper-gap:1.25rem\"><div class=\"wpb_text_column us_custom_1f257949\"><div class=\"wpb_wrapper\"><h3>Wine Tours<\/h3>\n<\/div><\/div><div class=\"wpb_text_column us_custom_1f257949\"><div class=\"wpb_wrapper\"><p>Get to know our work, our wine, our world. Choose from guided wine tastings that will take you to even the most secret corridors of historic cellars.<\/p>\n<\/div><\/div><div class=\"wpb_text_column us_custom_f0e85f69 vj_link vj_link_dark\"><div class=\"wpb_wrapper\"><p><a style=\"color: #191717;\" href=\"\/en\/svaty-jur\/wine-tours\/\">MORE INFORMATION<\/a><\/p>\n<\/div><\/div><\/div><\/div><\/div><\/div><\/div><\/section><section class=\"l-section wpb_row us_custom_6a723ec2 vj_content_block vj_content_block_right height_medium\"><div class=\"l-section-h i-cf\"><div class=\"g-cols vc_row via_grid cols_1-2 laptops-cols_inherit tablets-cols_inherit mobiles-cols_1 valign_middle type_default reversed stacking_default\" style=\"--columns-gap:8.75rem;--laptops-columns-gap:8.75rem;--tablets-columns-gap:1.875rem;--mobiles-columns-gap:1.875rem;\"><div class=\"wpb_column vc_column_container vj_content_block_content\"><div class=\"vc_column-inner\"><div class=\"w-vwrapper us_custom_076f3e42 align_left valign_middle\" style=\"--vwrapper-gap:1.25rem\"><div class=\"wpb_text_column us_custom_1f257949\"><div class=\"wpb_wrapper\"><h3>Accommodation<\/h3>\n<\/div><\/div><div class=\"wpb_text_column us_custom_1f257949\"><div class=\"wpb_wrapper\"><p>Accommodation at P\u00e1lffy Manor House reflects our commitment to bringing you the most intense experiences. Four apartments are furnished with attention to detail and originality.<\/p>\n<\/div><\/div><div class=\"wpb_text_column us_custom_f0e85f69 vj_link vj_link_dark\"><div class=\"wpb_wrapper\"><p><a style=\"color: #191717;\" href=\"\/en\/svaty-jur\/accommodation\/\">MORE INFORMATION<\/a><\/p>\n<\/div><\/div><\/div><\/div><\/div><div class=\"wpb_column vc_column_container us_custom_5530050a vj_content_block_photo stretched\"><div class=\"vc_column-inner\"><div class=\"w-image us_custom_dd5e410f vj_img_overlay vj_img_cover has_height align_right\"><div class=\"w-image-h\"><img decoding=\"async\" width=\"800\" height=\"600\" src=\"https:\/\/viajur.sk\/wp-content\/uploads\/2024\/02\/ubytovanie-kastiel-svaty-jur.jpg\" class=\"attachment-large size-large\" alt=\"\" loading=\"lazy\" srcset=\"https:\/\/viajur.sk\/wp-content\/uploads\/2024\/02\/ubytovanie-kastiel-svaty-jur.jpg 800w, https:\/\/viajur.sk\/wp-content\/uploads\/2024\/02\/ubytovanie-kastiel-svaty-jur-300x225.jpg 300w\" sizes=\"auto, (max-width: 800px) 100vw, 800px\" title=\"\"><\/div><\/div><\/div><\/div><\/div><\/div><\/section><section class=\"l-section wpb_row us_custom_baab238f vj_content_block vj_content_block_left height_medium\"><div class=\"l-section-h i-cf\"><div class=\"g-cols vc_row via_grid cols_2-1 laptops-cols_inherit tablets-cols_inherit mobiles-cols_1 valign_middle type_default stacking_default\" style=\"--columns-gap:8.75rem;--laptops-columns-gap:8.75rem;--tablets-columns-gap:1.875rem;--mobiles-columns-gap:1.875rem;\"><div class=\"wpb_column vc_column_container us_custom_5530050a vj_content_block_photo stretched\"><div class=\"vc_column-inner\"><div class=\"w-image us_custom_dd5e410f vj_img_overlay vj_img_cover has_height align_left\"><div class=\"w-image-h\"><img decoding=\"async\" width=\"800\" height=\"600\" src=\"https:\/\/viajur.sk\/wp-content\/uploads\/2024\/02\/restauracia-kastiel-svaty-jur.jpg\" class=\"attachment-large size-large\" alt=\"\" loading=\"lazy\" srcset=\"https:\/\/viajur.sk\/wp-content\/uploads\/2024\/02\/restauracia-kastiel-svaty-jur.jpg 800w, https:\/\/viajur.sk\/wp-content\/uploads\/2024\/02\/restauracia-kastiel-svaty-jur-300x225.jpg 300w\" sizes=\"auto, (max-width: 800px) 100vw, 800px\" title=\"\"><\/div><\/div><\/div><\/div><div class=\"wpb_column vc_column_container vj_content_block_content\"><div class=\"vc_column-inner\"><div class=\"w-vwrapper us_custom_2b3cbb5f align_left valign_middle\" style=\"--vwrapper-gap:1.25rem\"><div class=\"wpb_text_column us_custom_1f257949\"><div class=\"wpb_wrapper\"><h3>Restaurants<\/h3>\n<\/div><\/div><div class=\"wpb_text_column us_custom_1f257949\"><div class=\"wpb_wrapper\"><p>Treat your senses to pleasure in every bite, thanks to the unique combination of the tastes and aromas of our wines with the gastronomy of the Palffy Manor House.<\/p>\n<\/div><\/div><div class=\"wpb_text_column us_custom_f0e85f69 vj_link vj_link_dark\"><div class=\"wpb_wrapper\"><p><a style=\"color: #191717;\" href=\"\/en\/svaty-jur\/restaurants\/\">MORE INFORMATION<\/a><\/p>\n<\/div><\/div><\/div><\/div><\/div><\/div><\/div><\/section><section class=\"l-section wpb_row us_custom_6a723ec2 vj_content_block vj_content_block_right height_medium\"><div class=\"l-section-h i-cf\"><div class=\"g-cols vc_row via_grid cols_1-2 laptops-cols_inherit tablets-cols_inherit mobiles-cols_1 valign_middle type_default reversed stacking_default\" style=\"--columns-gap:8.75rem;--laptops-columns-gap:8.75rem;--tablets-columns-gap:1.875rem;--mobiles-columns-gap:1.875rem;\"><div class=\"wpb_column vc_column_container vj_content_block_content\"><div class=\"vc_column-inner\"><div class=\"w-vwrapper us_custom_076f3e42 align_left valign_middle\" style=\"--vwrapper-gap:1.25rem\"><div class=\"wpb_text_column us_custom_1f257949\"><div class=\"wpb_wrapper\"><h3>Events<\/h3>\n<\/div><\/div><div class=\"wpb_text_column us_custom_1f257949\"><div class=\"wpb_wrapper\"><p>Experience wine tours, Open Cellar Days or other events full of good wine and a unique atmosphere. Check out the events that await us in the near future.<\/p>\n<\/div><\/div><div class=\"wpb_text_column us_custom_f0e85f69 vj_link vj_link_dark\"><div class=\"wpb_wrapper\"><p><a style=\"color: #191717;\" href=\"\/en\/svaty-jur\/\">MORE INFORMATION<\/a><\/p>\n<\/div><\/div><\/div><\/div><\/div><div class=\"wpb_column vc_column_container us_custom_5530050a vj_content_block_photo stretched\"><div class=\"vc_column-inner\"><div class=\"w-image us_custom_dd5e410f vj_img_overlay vj_img_cover has_height align_right\"><div class=\"w-image-h\"><img decoding=\"async\" width=\"800\" height=\"600\" src=\"https:\/\/viajur.sk\/wp-content\/uploads\/2024\/02\/podujatia-kastiel-svaty-jur.jpg\" class=\"attachment-large size-large\" alt=\"\" loading=\"lazy\" srcset=\"https:\/\/viajur.sk\/wp-content\/uploads\/2024\/02\/podujatia-kastiel-svaty-jur.jpg 800w, https:\/\/viajur.sk\/wp-content\/uploads\/2024\/02\/podujatia-kastiel-svaty-jur-300x225.jpg 300w\" sizes=\"auto, (max-width: 800px) 100vw, 800px\" title=\"\"><\/div><\/div><\/div><\/div><\/div><\/div><\/section>\n","protected":false},"excerpt":{"rendered":"Estate Sv\u00e4t\u00fd Jur OverviewVineyardsCellarsWine Tours OVERVIEW The wine-growing history of the royal town of Sv\u00e4t\u00fd Jur goes back far into the past. After all, it is in the Small Carpathian region that vines have almost always been grown. We decided to return life to abandoned, but once very prosperous vineyards with great potential. The walls...","protected":false},"author":2,"featured_media":0,"parent":0,"menu_order":0,"comment_status":"closed","ping_status":"closed","template":"","meta":{"footnotes":""},"class_list":["post-1123","page","type-page","status-publish","hentry"],"_links":{"self":[{"href":"https:\/\/viajur.sk\/en\/wp-json\/wp\/v2\/pages\/1123","targetHints":{"allow":["GET"]}}],"collection":[{"href":"https:\/\/viajur.sk\/en\/wp-json\/wp\/v2\/pages"}],"about":[{"href":"https:\/\/viajur.sk\/en\/wp-json\/wp\/v2\/types\/page"}],"author":[{"embeddable":true,"href":"https:\/\/viajur.sk\/en\/wp-json\/wp\/v2\/users\/2"}],"replies":[{"embeddable":true,"href":"https:\/\/viajur.sk\/en\/wp-json\/wp\/v2\/comments?post=1123"}],"version-history":[{"count":0,"href":"https:\/\/viajur.sk\/en\/wp-json\/wp\/v2\/pages\/1123\/revisions"}],"wp:attachment":[{"href":"https:\/\/viajur.sk\/en\/wp-json\/wp\/v2\/media?parent=1123"}],"curies":[{"name":"wp","href":"https:\/\/api.w.org\/{rel}","templated":true}]}}