{"id":1126,"date":"2024-02-23T14:21:15","date_gmt":"2024-02-23T14:21:15","guid":{"rendered":"https:\/\/viajur.wpenginepowered.com\/?page_id=1126"},"modified":"2024-03-21T13:12:14","modified_gmt":"2024-03-21T13:12:14","slug":"cellars","status":"publish","type":"page","link":"https:\/\/viajur.sk\/en\/svaty-jur\/cellars\/","title":{"rendered":"Cellars"},"content":{"rendered":"<section class=\"l-section wpb_row us_custom_896cfa17 vj_header_hero height_medium with_img\"><div class=\"l-section-img\" role=\"img\" aria-label=\"Image\" data-img-width=\"1440\" data-img-height=\"580\" style=\"background-image: url(https:\/\/viajur.sk\/wp-content\/uploads\/2024\/03\/usadlost-svaty-jur-1.jpg);background-position: bottom center;background-repeat: no-repeat;\"><\/div><div class=\"l-section-overlay\" style=\"background:linear-gradient(113.88deg, rgba(79, 66, 59, 0.5) 0%, rgba(198, 139, 102, 0.5) 100%)\"><\/div><div class=\"l-section-h i-cf\"><div class=\"g-cols vc_row via_grid cols_1 laptops-cols_inherit tablets-cols_inherit mobiles-cols_1 valign_top type_default stacking_default\"><div class=\"wpb_column vc_column_container\"><div class=\"vc_column-inner\"><div class=\"wpb_text_column us_custom_eb849559\"><div class=\"wpb_wrapper\"><h1>Cellars<\/h1>\n<\/div><\/div><\/div><\/div><\/div><\/div><\/section><section class=\"l-section wpb_row us_custom_d1bc5a04 vj_sticky_menu height_medium type_sticky\"><div class=\"l-section-h i-cf\"><div class=\"g-cols vc_row via_grid cols_1 laptops-cols_inherit tablets-cols_inherit mobiles-cols_1 valign_top type_default stacking_default\"><div class=\"wpb_column vc_column_container\"><div class=\"vc_column-inner\"><nav class=\"w-menu us_custom_5d178e00 layout_hor style_blocks us_menu_1\" style=\"--main-gap:3.75rem;--main-ver-indent:2rem;--main-bg-color:#DAD1C8;--main-color:#191717;--main-hover-bg-color:#DAD1C8;--main-hover-color:#191717;--main-active-bg-color:#DAD1C8;--main-active-color:#191717;\"><ul id=\"menu-menu-svaty-jur-en\" class=\"menu\"><li id=\"menu-item-1367\" class=\"menu-item menu-item-type-post_type menu-item-object-page menu-item-1367\"><a href=\"https:\/\/viajur.sk\/en\/svaty-jur\/\">Overview<\/a><\/li><li id=\"menu-item-1368\" class=\"menu-item menu-item-type-post_type menu-item-object-page menu-item-1368\"><a href=\"https:\/\/viajur.sk\/en\/svaty-jur\/vineyards\/\">Vineyards<\/a><\/li><li id=\"menu-item-1370\" class=\"menu-item menu-item-type-post_type menu-item-object-page menu-item-1370\"><a href=\"https:\/\/viajur.sk\/en\/svaty-jur\/cellars\/\">Cellars<\/a><\/li><li id=\"menu-item-1369\" class=\"menu-item menu-item-type-post_type menu-item-object-page menu-item-1369\"><a href=\"https:\/\/viajur.sk\/en\/svaty-jur\/wine-tours\/\">Wine Tours<\/a><\/li><\/ul><style>@media ( max-width:10px ){.us_menu_1 .menu{display:block!important}.us_menu_1 .menu>li{margin:0 0 var(--main-gap,3.75rem)!important}}<\/style><\/nav><\/div><\/div><\/div><\/div><\/section>\n<section class=\"l-section wpb_row us_custom_8f2ab4b5 vj_content_single height_medium\"><div class=\"l-section-h i-cf\"><div class=\"g-cols vc_row via_grid cols_1 laptops-cols_inherit tablets-cols_inherit mobiles-cols_1 valign_top type_default stacking_default\"><div class=\"wpb_column vc_column_container vj_content_block_content\"><div class=\"vc_column-inner\"><div class=\"w-vwrapper us_custom_1a1bc824 align_center valign_top\" style=\"--vwrapper-gap:0rem\"><div class=\"wpb_text_column us_custom_1e9d1b86 subtitle subtitle-13 has_text_color\"><div class=\"wpb_wrapper\"><p>Cellars<\/p>\n<\/div><\/div><div class=\"wpb_text_column us_custom_35d2cc3e\"><div class=\"wpb_wrapper\"><h2>Wine has been maturing in historic cellars for centuries and continues to gain its taste in the same premises today.<\/h2>\n<\/div><\/div><div class=\"wpb_text_column us_custom_eb849559\"><div class=\"wpb_wrapper\"><p>We brought modern technologies and innovative procedures to the original P\u00e1lffy cellars from the time of Katar\u00edna P\u00e1lffy. Thanks to this, we are absolutely self-sufficient throughout the entire wine production process, from grape processing to bottling. In cellars with a total capacity of 200,000 litres, we combine traditional wine-making methods with modern approaches.<\/p>\n<\/div><\/div><\/div><\/div><\/div><\/div><\/div><\/section><section class=\"l-section wpb_row us_custom_577a9dba vj_content_block vj_content_block_left height_medium\"><div class=\"l-section-h i-cf\"><div class=\"g-cols vc_row via_grid cols_2-1 laptops-cols_inherit tablets-cols_inherit mobiles-cols_1 valign_middle type_default stacking_default\" style=\"--columns-gap:8.75rem;--laptops-columns-gap:8.75rem;--tablets-columns-gap:1.875rem;--mobiles-columns-gap:1.875rem;\"><div class=\"wpb_column vc_column_container us_custom_5530050a vj_content_block_photo stretched\"><div class=\"vc_column-inner\"><div class=\"w-image us_custom_dd5e410f vj_img_overlay vj_img_cover has_height align_left\"><div class=\"w-image-h\"><img decoding=\"async\" width=\"800\" height=\"600\" src=\"https:\/\/viajur.sk\/wp-content\/uploads\/2024\/02\/tankova-pivnica.jpg\" class=\"attachment-large size-large\" alt=\"\" loading=\"lazy\" srcset=\"https:\/\/viajur.sk\/wp-content\/uploads\/2024\/02\/tankova-pivnica.jpg 800w, https:\/\/viajur.sk\/wp-content\/uploads\/2024\/02\/tankova-pivnica-300x225.jpg 300w\" sizes=\"auto, (max-width: 800px) 100vw, 800px\" title=\"\"><\/div><\/div><\/div><\/div><div class=\"wpb_column vc_column_container vj_content_block_content\"><div class=\"vc_column-inner\"><div class=\"w-vwrapper us_custom_2b3cbb5f align_left valign_middle\" style=\"--vwrapper-gap:1.25rem\"><div class=\"wpb_text_column us_custom_1f257949\"><div class=\"wpb_wrapper\"><h3>Tank cellar<\/h3>\n<\/div><\/div><div class=\"wpb_text_column us_custom_1f257949\"><div class=\"wpb_wrapper\"><p>The original cellar with preserved brick vaults is equipped with stainless steel vessels with duplicators with controlled fermentation temperature. All vessels are also equipped with their own nitrogen inerting system.<\/p>\n<p>The cellar, in which wine has been produced since 1580, is currently equipped with controlled air circulation, ventilation and CO2 level control.<\/p>\n<\/div><\/div><div class=\"wpb_text_column us_custom_f0e85f69 vj_link vj_link_dark subtitle subtitle-13 modal-controller modal-controller-podorys1 hide_on_default hide_on_laptops hide_on_tablets hide_on_mobiles\"><div class=\"wpb_wrapper\"><p>Plan view<\/p>\n<\/div><\/div><\/div><\/div><\/div><\/div><\/div><\/section><section class=\"l-section wpb_row us_custom_6a723ec2 vj_content_block vj_content_block_right height_medium\"><div class=\"l-section-h i-cf\"><div class=\"g-cols vc_row via_grid cols_1-2 laptops-cols_inherit tablets-cols_inherit mobiles-cols_1 valign_middle type_default reversed stacking_default\" style=\"--columns-gap:8.75rem;--laptops-columns-gap:8.75rem;--tablets-columns-gap:1.875rem;--mobiles-columns-gap:1.875rem;\"><div class=\"wpb_column vc_column_container vj_content_block_content\"><div class=\"vc_column-inner\"><div class=\"w-vwrapper us_custom_076f3e42 align_left valign_middle\" style=\"--vwrapper-gap:1.25rem\"><div class=\"wpb_text_column us_custom_1f257949\"><div class=\"wpb_wrapper\"><h3>Sect cellar<\/h3>\n<\/div><\/div><div class=\"wpb_text_column us_custom_1f257949\"><div class=\"wpb_wrapper\"><p>The cellar, in which our sparkling wines produced by the traditional champagne method from A to Z are born, is equipped with everything from wine maturation cubicles through &#8220;pupitre&#8221; riddling rack to technologies for finalising sparkling wines.<\/p>\n<p>In the current sparkling wine cellar, which is one of the oldest parts of the preserved original vaulted cellars, sects ripen from 12 months to several years.<\/p>\n<\/div><\/div><div class=\"wpb_text_column us_custom_f0e85f69 vj_link vj_link_dark subtitle subtitle-13 modal-controller modal-controller-podorys2 hide_on_default hide_on_laptops hide_on_tablets hide_on_mobiles\"><div class=\"wpb_wrapper\"><p>Plan view<\/p>\n<\/div><\/div><\/div><\/div><\/div><div class=\"wpb_column vc_column_container us_custom_5530050a vj_content_block_photo stretched\"><div class=\"vc_column-inner\"><div class=\"w-image us_custom_dd5e410f vj_img_overlay vj_img_cover has_height align_right\"><div class=\"w-image-h\"><img decoding=\"async\" width=\"800\" height=\"600\" src=\"https:\/\/viajur.sk\/wp-content\/uploads\/2024\/03\/pivnice-kastiel-svaty-jur.jpg\" class=\"attachment-large size-large\" alt=\"\" loading=\"lazy\" srcset=\"https:\/\/viajur.sk\/wp-content\/uploads\/2024\/03\/pivnice-kastiel-svaty-jur.jpg 800w, https:\/\/viajur.sk\/wp-content\/uploads\/2024\/03\/pivnice-kastiel-svaty-jur-300x225.jpg 300w\" sizes=\"auto, (max-width: 800px) 100vw, 800px\" title=\"\"><\/div><\/div><\/div><\/div><\/div><\/div><\/section><section class=\"l-section wpb_row us_custom_871fe30d vj_content_block vj_content_block_left height_medium\"><div class=\"l-section-h i-cf\"><div class=\"g-cols vc_row via_grid cols_2-1 laptops-cols_inherit tablets-cols_inherit mobiles-cols_1 valign_middle type_default stacking_default\" style=\"--columns-gap:8.75rem;--laptops-columns-gap:1.8.7587rempxpxpx;--tablets-columns-gap:1.875rem;--mobiles-columns-gap:1.875rem;\"><div class=\"wpb_column vc_column_container us_custom_5e1ed9b1 vj_content_block_photo stretched\"><div class=\"vc_column-inner\"><div class=\"w-image us_custom_dd5e410f vj_img_overlay vj_img_cover has_height align_left\"><div class=\"w-image-h\"><img decoding=\"async\" width=\"800\" height=\"600\" src=\"https:\/\/viajur.sk\/wp-content\/uploads\/2024\/02\/barikova-pivnica-svaty-jur.jpg\" class=\"attachment-large size-large\" alt=\"\" loading=\"lazy\" srcset=\"https:\/\/viajur.sk\/wp-content\/uploads\/2024\/02\/barikova-pivnica-svaty-jur.jpg 800w, https:\/\/viajur.sk\/wp-content\/uploads\/2024\/02\/barikova-pivnica-svaty-jur-300x225.jpg 300w\" sizes=\"auto, (max-width: 800px) 100vw, 800px\" title=\"\"><\/div><\/div><\/div><\/div><div class=\"wpb_column vc_column_container vj_content_block_content\"><div class=\"vc_column-inner\"><div class=\"w-vwrapper us_custom_2b3cbb5f align_left valign_middle\" style=\"--vwrapper-gap:1.25rem\"><div class=\"wpb_text_column us_custom_1f257949\"><div class=\"wpb_wrapper\"><h3>Barrel cellar<\/h3>\n<\/div><\/div><div class=\"wpb_text_column us_custom_1f257949\"><div class=\"wpb_wrapper\"><p>The cellar, which smells of wood, is equipped with barrels with typical volumes (225 l, 300 l and 500 l) as well as large capacity oak and acacia barrels with a volume of 1,500 l and 2,500 l. The cellar also includes a historical well, which has a fundamental impact on maintaining ideal humidity and temperature.<\/p>\n<p>A modern element is a data projector with a presentation of the film The Four Seasons, which visitors can enjoy during guided wine tastings.<\/p>\n<\/div><\/div><div class=\"wpb_text_column us_custom_f0e85f69 vj_link vj_link_dark subtitle subtitle-13 modal-controller modal-controller-podorys3 hide_on_default hide_on_laptops hide_on_tablets hide_on_mobiles\"><div class=\"wpb_wrapper\"><p>Plan view<\/p>\n<\/div><\/div><\/div><\/div><\/div><\/div><\/div><\/section><section class=\"l-section wpb_row us_custom_57f9d441 height_medium\"><div class=\"l-section-h i-cf\"><div class=\"g-cols vc_row via_grid cols_1 laptops-cols_inherit tablets-cols_inherit mobiles-cols_1 valign_top type_default stacking_default\"><div class=\"wpb_column vc_column_container\"><div class=\"vc_column-inner\"><div class=\"w-vwrapper us_custom_1a1bc824 align_center valign_top\" style=\"--vwrapper-gap:0rem\"><div class=\"wpb_text_column us_custom_1e9d1b86 subtitle subtitle-13 has_text_color\"><div class=\"wpb_wrapper\"><p>Experience Viajur<\/p>\n<\/div><\/div><div class=\"wpb_text_column us_custom_eb849559\"><div class=\"wpb_wrapper\"><h4>Know the VIAJUR winery through guided tours of vineyards associated with wine tasting.<\/h4>\n<\/div><\/div><div class=\"w-hwrapper us_custom_45fc385b valign_top wrap align_none\" style=\"--hwrapper-gap:2.5rem\"><div class=\"wpb_text_column us_custom_6b1c8502 vj_link vj_link_dark subtitle subtitle-13\"><div class=\"wpb_wrapper\"><p><a href=\"\/en\/wine-tours-svaty-jur\/\">More about wine tours<\/a><\/p>\n<\/div><\/div><\/div><\/div><\/div><\/div><\/div><\/div><\/section><section class=\"l-section wpb_row us_custom_bcf52982 modal height_medium\" id=\"modal-podorys1\"><div class=\"l-section-h i-cf\"><div class=\"g-cols vc_row via_grid cols_1 laptops-cols_inherit tablets-cols_inherit mobiles-cols_1 valign_top type_default stacking_default\"><div class=\"wpb_column vc_column_container\"><div class=\"vc_column-inner\"><div class=\"g-cols wpb_row us_custom_3fd5c340 modal-close via_grid cols_1 laptops-cols_inherit tablets-cols_inherit mobiles-cols_1 valign_top type_default stacking_default\" style=\"--columns-gap:3rem;\"><div class=\"wpb_column vc_column_container\"><div class=\"vc_column-inner\"><div class=\"w-image us_custom_cb997332 has_height align_none\"><div class=\"w-image-h\"><img decoding=\"async\" width=\"1024\" height=\"1024\" src=\"https:\/\/viajur.sk\/wp-content\/uploads\/2024\/02\/close.svg\" class=\"attachment-large size-large\" alt=\"\" loading=\"lazy\" title=\"\"><\/div><\/div><\/div><\/div><\/div><div class=\"g-cols wpb_row us_custom_fb2fe19d via_grid cols_1 laptops-cols_inherit tablets-cols_inherit mobiles-cols_1 valign_top type_default stacking_default\" style=\"--columns-gap:3rem;\"><div class=\"wpb_column vc_column_container\"><div class=\"vc_column-inner\"><div class=\"wpb_text_column us_custom_2db1cb27 headline headline-fancy has_text_color\"><div class=\"wpb_wrapper\"><h1>Plan<\/h1>\n<\/div><\/div><div class=\"w-image us_custom_0de082c7 vj_img_contain has_height align_center\"><div class=\"w-image-h\"><img decoding=\"async\" width=\"1024\" height=\"577\" src=\"https:\/\/viajur.sk\/wp-content\/uploads\/2024\/03\/podorys-historicka-pivnica-2-1024x577.png\" class=\"attachment-large size-large\" alt=\"\" loading=\"lazy\" srcset=\"https:\/\/viajur.sk\/wp-content\/uploads\/2024\/03\/podorys-historicka-pivnica-2-1024x577.png 1024w, https:\/\/viajur.sk\/wp-content\/uploads\/2024\/03\/podorys-historicka-pivnica-2-300x169.png 300w\" sizes=\"auto, (max-width: 1024px) 100vw, 1024px\" title=\"\"><\/div><\/div><\/div><\/div><\/div><\/div><\/div><\/div><\/div><\/section><section class=\"l-section wpb_row us_custom_bcf52982 modal height_medium\" id=\"modal-podorys2\"><div class=\"l-section-h i-cf\"><div class=\"g-cols vc_row via_grid cols_1 laptops-cols_inherit tablets-cols_inherit mobiles-cols_1 valign_top type_default stacking_default\"><div class=\"wpb_column vc_column_container\"><div class=\"vc_column-inner\"><div class=\"g-cols wpb_row us_custom_3fd5c340 modal-close via_grid cols_1 laptops-cols_inherit tablets-cols_inherit mobiles-cols_1 valign_top type_default stacking_default\" style=\"--columns-gap:3rem;\"><div class=\"wpb_column vc_column_container\"><div class=\"vc_column-inner\"><div class=\"w-image us_custom_cb997332 has_height align_none\"><div class=\"w-image-h\"><img decoding=\"async\" width=\"1024\" height=\"1024\" src=\"https:\/\/viajur.sk\/wp-content\/uploads\/2024\/02\/close.svg\" class=\"attachment-large size-large\" alt=\"\" loading=\"lazy\" title=\"\"><\/div><\/div><\/div><\/div><\/div><div class=\"g-cols wpb_row us_custom_fb2fe19d via_grid cols_1 laptops-cols_inherit tablets-cols_inherit mobiles-cols_1 valign_top type_default stacking_default\" style=\"--columns-gap:3rem;\"><div class=\"wpb_column vc_column_container\"><div class=\"vc_column-inner\"><div class=\"wpb_text_column us_custom_2db1cb27 headline headline-fancy has_text_color\"><div class=\"wpb_wrapper\"><h1>Plan<\/h1>\n<\/div><\/div><div class=\"w-image us_custom_0de082c7 vj_img_contain has_height align_center\"><div class=\"w-image-h\"><img decoding=\"async\" width=\"1024\" height=\"576\" src=\"https:\/\/viajur.sk\/wp-content\/uploads\/2024\/03\/podorys-p3-1024x576.png\" class=\"attachment-large size-large\" alt=\"\" loading=\"lazy\" srcset=\"https:\/\/viajur.sk\/wp-content\/uploads\/2024\/03\/podorys-p3-1024x576.png 1024w, https:\/\/viajur.sk\/wp-content\/uploads\/2024\/03\/podorys-p3-300x169.png 300w\" sizes=\"auto, (max-width: 1024px) 100vw, 1024px\" title=\"\"><\/div><\/div><\/div><\/div><\/div><\/div><\/div><\/div><\/div><\/section><section class=\"l-section wpb_row us_custom_bcf52982 modal height_medium\" id=\"modal-podorys3\"><div class=\"l-section-h i-cf\"><div class=\"g-cols vc_row via_grid cols_1 laptops-cols_inherit tablets-cols_inherit mobiles-cols_1 valign_top type_default stacking_default\"><div class=\"wpb_column vc_column_container\"><div class=\"vc_column-inner\"><div class=\"g-cols wpb_row us_custom_3fd5c340 modal-close via_grid cols_1 laptops-cols_inherit tablets-cols_inherit mobiles-cols_1 valign_top type_default stacking_default\" style=\"--columns-gap:3rem;\"><div class=\"wpb_column vc_column_container\"><div class=\"vc_column-inner\"><div class=\"w-image us_custom_cb997332 has_height align_none\"><div class=\"w-image-h\"><img decoding=\"async\" width=\"1024\" height=\"1024\" src=\"https:\/\/viajur.sk\/wp-content\/uploads\/2024\/02\/close.svg\" class=\"attachment-large size-large\" alt=\"\" loading=\"lazy\" title=\"\"><\/div><\/div><\/div><\/div><\/div><div class=\"g-cols wpb_row us_custom_fb2fe19d via_grid cols_1 laptops-cols_inherit tablets-cols_inherit mobiles-cols_1 valign_top type_default stacking_default\" style=\"--columns-gap:3rem;\"><div class=\"wpb_column vc_column_container\"><div class=\"vc_column-inner\"><div class=\"wpb_text_column us_custom_2db1cb27 headline headline-fancy has_text_color\"><div class=\"wpb_wrapper\"><h1>Plan<\/h1>\n<\/div><\/div><div class=\"w-image us_custom_6b611a4a vj_img_contain has_height align_center\"><div class=\"w-image-h\"><img decoding=\"async\" width=\"1024\" height=\"576\" src=\"https:\/\/viajur.sk\/wp-content\/uploads\/2024\/03\/podorys-p5-1024x576.png\" class=\"attachment-large size-large\" alt=\"\" loading=\"lazy\" srcset=\"https:\/\/viajur.sk\/wp-content\/uploads\/2024\/03\/podorys-p5-1024x576.png 1024w, https:\/\/viajur.sk\/wp-content\/uploads\/2024\/03\/podorys-p5-300x169.png 300w\" sizes=\"auto, (max-width: 1024px) 100vw, 1024px\" title=\"\"><\/div><\/div><\/div><\/div><\/div><\/div><\/div><\/div><\/div><\/section>\n","protected":false},"excerpt":{"rendered":"Cellars OverviewVineyardsCellarsWine Tours Cellars Wine has been maturing in historic cellars for centuries and continues to gain its taste in the same premises today. We brought modern technologies and innovative procedures to the original P\u00e1lffy cellars from the time of Katar\u00edna P\u00e1lffy. Thanks to this, we are absolutely self-sufficient throughout the entire wine production process,...","protected":false},"author":2,"featured_media":0,"parent":1123,"menu_order":0,"comment_status":"closed","ping_status":"closed","template":"","meta":{"footnotes":""},"class_list":["post-1126","page","type-page","status-publish","hentry"],"_links":{"self":[{"href":"https:\/\/viajur.sk\/en\/wp-json\/wp\/v2\/pages\/1126","targetHints":{"allow":["GET"]}}],"collection":[{"href":"https:\/\/viajur.sk\/en\/wp-json\/wp\/v2\/pages"}],"about":[{"href":"https:\/\/viajur.sk\/en\/wp-json\/wp\/v2\/types\/page"}],"author":[{"embeddable":true,"href":"https:\/\/viajur.sk\/en\/wp-json\/wp\/v2\/users\/2"}],"replies":[{"embeddable":true,"href":"https:\/\/viajur.sk\/en\/wp-json\/wp\/v2\/comments?post=1126"}],"version-history":[{"count":0,"href":"https:\/\/viajur.sk\/en\/wp-json\/wp\/v2\/pages\/1126\/revisions"}],"up":[{"embeddable":true,"href":"https:\/\/viajur.sk\/en\/wp-json\/wp\/v2\/pages\/1123"}],"wp:attachment":[{"href":"https:\/\/viajur.sk\/en\/wp-json\/wp\/v2\/media?parent=1126"}],"curies":[{"name":"wp","href":"https:\/\/api.w.org\/{rel}","templated":true}]}}