{"id":1128,"date":"2024-02-23T14:49:10","date_gmt":"2024-02-23T14:49:10","guid":{"rendered":"https:\/\/viajur.wpenginepowered.com\/?page_id=1128"},"modified":"2024-03-13T08:04:19","modified_gmt":"2024-03-13T08:04:19","slug":"accommodation","status":"publish","type":"page","link":"https:\/\/viajur.sk\/en\/svaty-jur\/accommodation\/","title":{"rendered":"Accommodation"},"content":{"rendered":"<section class=\"l-section wpb_row us_custom_896cfa17 vj_header_hero height_medium with_img\"><div class=\"l-section-img\" role=\"img\" aria-label=\"Image\" data-img-width=\"1440\" data-img-height=\"580\" style=\"background-image: url(https:\/\/viajur.sk\/wp-content\/uploads\/2024\/03\/usadlost-svaty-jur-1.jpg);background-position: bottom center;background-repeat: no-repeat;\"><\/div><div class=\"l-section-overlay\" style=\"background:linear-gradient(113.88deg, rgba(79, 66, 59, 0.5) 0%, rgba(198, 139, 102, 0.5) 100%)\"><\/div><div class=\"l-section-h i-cf\"><div class=\"g-cols vc_row via_grid cols_1 laptops-cols_inherit tablets-cols_inherit mobiles-cols_1 valign_top type_default stacking_default\"><div class=\"wpb_column vc_column_container\"><div class=\"vc_column-inner\"><div class=\"wpb_text_column us_custom_eb849559\"><div class=\"wpb_wrapper\"><h1>Accommodation<\/h1>\n<\/div><\/div><\/div><\/div><\/div><\/div><\/section><section class=\"l-section wpb_row us_custom_d1bc5a04 vj_sticky_menu height_medium type_sticky\"><div class=\"l-section-h i-cf\"><div class=\"g-cols vc_row via_grid cols_1 laptops-cols_inherit tablets-cols_inherit mobiles-cols_1 valign_top type_default stacking_default\"><div class=\"wpb_column vc_column_container\"><div class=\"vc_column-inner\"><nav class=\"w-menu us_custom_5d178e00 layout_hor style_blocks us_menu_1\" style=\"--main-gap:3.75rem;--main-ver-indent:2rem;--main-bg-color:#DAD1C8;--main-color:#191717;--main-hover-bg-color:#DAD1C8;--main-hover-color:#191717;--main-active-bg-color:#DAD1C8;--main-active-color:#191717;\"><ul id=\"menu-menu-svaty-jur-en\" class=\"menu\"><li id=\"menu-item-1367\" class=\"menu-item menu-item-type-post_type menu-item-object-page menu-item-1367\"><a href=\"https:\/\/viajur.sk\/en\/svaty-jur\/\">Overview<\/a><\/li><li id=\"menu-item-1368\" class=\"menu-item menu-item-type-post_type menu-item-object-page menu-item-1368\"><a href=\"https:\/\/viajur.sk\/en\/svaty-jur\/vineyards\/\">Vineyards<\/a><\/li><li id=\"menu-item-1370\" class=\"menu-item menu-item-type-post_type menu-item-object-page menu-item-1370\"><a href=\"https:\/\/viajur.sk\/en\/svaty-jur\/cellars\/\">Cellars<\/a><\/li><li id=\"menu-item-1369\" class=\"menu-item menu-item-type-post_type menu-item-object-page menu-item-1369\"><a href=\"https:\/\/viajur.sk\/en\/svaty-jur\/wine-tours\/\">Wine Tours<\/a><\/li><\/ul><style>@media ( max-width:10px ){.us_menu_1 .menu{display:block!important}.us_menu_1 .menu>li{margin:0 0 var(--main-gap,3.75rem)!important}}<\/style><\/nav><\/div><\/div><\/div><\/div><\/section>\n<section class=\"l-section wpb_row us_custom_a19e0a56 vj_content_single height_medium\"><div class=\"l-section-h i-cf\"><div class=\"g-cols vc_row via_grid cols_1 laptops-cols_inherit tablets-cols_inherit mobiles-cols_1 valign_top type_default stacking_default\"><div class=\"wpb_column vc_column_container vj_content_block_content\"><div class=\"vc_column-inner\"><div class=\"w-vwrapper us_custom_1a1bc824 align_center valign_top\" style=\"--vwrapper-gap:0rem\"><div class=\"wpb_text_column us_custom_1e9d1b86 subtitle subtitle-13 has_text_color\"><div class=\"wpb_wrapper\"><p>Accommodation<\/p>\n<\/div><\/div><div class=\"wpb_text_column us_custom_eb849559\"><div class=\"wpb_wrapper\"><h2>Stay royally right in the P\u00e1lffy Manor House.<\/h2>\n<\/div><\/div><\/div><\/div><\/div><\/div><\/div><\/section><section class=\"l-section wpb_row us_custom_83123ee4 vj_content_double height_medium\"><div class=\"l-section-h i-cf\"><div class=\"g-cols vc_row via_grid cols_2 laptops-cols_inherit tablets-cols_inherit mobiles-cols_1 valign_top type_default stacking_default\"><div class=\"wpb_column vc_column_container\"><div class=\"vc_column-inner\"><div class=\"wpb_text_column us_custom_da696290\"><div class=\"wpb_wrapper\"><p>Four unique apartments. Each of them different and yet all connected by luxury equipment and bewildering cosiness. Find the comfort you want and choose from three historic apartments, dedicated to the former owners of the manor, plus one in a modern style. The manor house and winery, it is a common story in which one goes hand in hand with the other.<\/p>\n<\/div><\/div><div class=\"w-image us_custom_7f79f363 vj_img_cover has_height align_left\"><div class=\"w-image-h\"><img decoding=\"async\" width=\"500\" height=\"666\" src=\"https:\/\/viajur.sk\/wp-content\/uploads\/2024\/02\/ubytovanie-kastiel-1.jpg\" class=\"attachment-large size-large\" alt=\"\" loading=\"lazy\" srcset=\"https:\/\/viajur.sk\/wp-content\/uploads\/2024\/02\/ubytovanie-kastiel-1.jpg 500w, https:\/\/viajur.sk\/wp-content\/uploads\/2024\/02\/ubytovanie-kastiel-1-225x300.jpg 225w\" sizes=\"auto, (max-width: 500px) 100vw, 500px\" title=\"\"><\/div><\/div><\/div><\/div><div class=\"wpb_column vc_column_container\"><div class=\"vc_column-inner\"><div class=\"w-image us_custom_e5c3a8cf vj_img_cover hide_on_tablets hide_on_mobiles has_height align_right\"><div class=\"w-image-h\"><img decoding=\"async\" width=\"500\" height=\"666\" src=\"https:\/\/viajur.sk\/wp-content\/uploads\/2024\/02\/ubytovanie-kastiel-2.jpg\" class=\"attachment-large size-large\" alt=\"\" loading=\"lazy\" srcset=\"https:\/\/viajur.sk\/wp-content\/uploads\/2024\/02\/ubytovanie-kastiel-2.jpg 500w, https:\/\/viajur.sk\/wp-content\/uploads\/2024\/02\/ubytovanie-kastiel-2-225x300.jpg 225w\" sizes=\"auto, (max-width: 500px) 100vw, 500px\" title=\"\"><\/div><\/div><div class=\"wpb_text_column us_custom_22e237fa\"><div class=\"wpb_wrapper\"><p>Find the desired comfort and choose from three historic apartments, which we named after the most famous owners of the manor house. You can spend the night in the bed of Katar\u00edna P\u00e1lffy, her love \u0160tefan Ille\u0161h\u00e1zi or J\u00e1n Kru\u0161i\u010d. The offer of accommodation is complemented by a modern Imperial Suite.<\/p>\n<\/div><\/div><div class=\"w-image us_custom_a4625977 vj_img_cover hide_on_default hide_on_laptops has_height align_right\"><div class=\"w-image-h\"><img decoding=\"async\" width=\"500\" height=\"666\" src=\"https:\/\/viajur.sk\/wp-content\/uploads\/2024\/02\/ubytovanie-kastiel-2.jpg\" class=\"attachment-large size-large\" alt=\"\" loading=\"lazy\" srcset=\"https:\/\/viajur.sk\/wp-content\/uploads\/2024\/02\/ubytovanie-kastiel-2.jpg 500w, https:\/\/viajur.sk\/wp-content\/uploads\/2024\/02\/ubytovanie-kastiel-2-225x300.jpg 225w\" sizes=\"auto, (max-width: 500px) 100vw, 500px\" title=\"\"><\/div><\/div><\/div><\/div><\/div><\/div><\/section><section class=\"l-section wpb_row us_custom_91e11ea4 height_medium\"><div class=\"l-section-h i-cf\"><div class=\"g-cols vc_row via_grid cols_1 laptops-cols_inherit tablets-cols_inherit mobiles-cols_1 valign_top type_default stacking_default\"><div class=\"wpb_column vc_column_container\"><div class=\"vc_column-inner\">\r\n            <div class=\"vj_carousel_gallery_container\">\r\n\r\n                <div class=\"swiper vj_carousel_gallery\">\r\n                    <div class=\"swiper-wrapper\">\r\n                        \r\n                <div class=\"swiper-slide\">\r\n                   <img decoding=\"async\" src=\"https:\/\/viajur.sk\/wp-content\/uploads\/2024\/03\/KastielPalffy_05-23_72dpi_474.jpg.webp\" alt=\"\" title=\"\">\r\n                <\/div>\r\n                <div class=\"swiper-slide\">\r\n                   <img decoding=\"async\" src=\"https:\/\/viajur.sk\/wp-content\/uploads\/2024\/03\/KastielPalffy_05-23_72dpi_461.jpg.webp\" alt=\"\" title=\"\">\r\n                <\/div>\r\n                <div class=\"swiper-slide\">\r\n                   <img decoding=\"async\" src=\"https:\/\/viajur.sk\/wp-content\/uploads\/2024\/03\/KastielPalffy_05-23_72dpi_462.jpg.webp\" alt=\"\" title=\"\">\r\n                <\/div>\r\n                <div class=\"swiper-slide\">\r\n                   <img decoding=\"async\" src=\"https:\/\/viajur.sk\/wp-content\/uploads\/2024\/03\/KastielPalffy_05-23_72dpi_473.jpg.webp\" alt=\"\" title=\"\">\r\n                <\/div>\r\n                <div class=\"swiper-slide\">\r\n                   <img decoding=\"async\" src=\"https:\/\/viajur.sk\/wp-content\/uploads\/2024\/03\/KastielPalffy_05-23_72dpi_438.jpg.webp\" alt=\"\" title=\"\">\r\n                <\/div>\r\n                <div class=\"swiper-slide\">\r\n                   <img decoding=\"async\" src=\"https:\/\/viajur.sk\/wp-content\/uploads\/2024\/03\/KastielPalffy_05-23_72dpi_586.jpg\" alt=\"\" title=\"\">\r\n                <\/div>\r\n                <div class=\"swiper-slide\">\r\n                   <img decoding=\"async\" src=\"https:\/\/viajur.sk\/wp-content\/uploads\/2024\/03\/KastielPalffy_05-23_72dpi_440.jpg.webp\" alt=\"\" title=\"\">\r\n                <\/div>\r\n                <div class=\"swiper-slide\">\r\n                   <img decoding=\"async\" src=\"https:\/\/viajur.sk\/wp-content\/uploads\/2024\/03\/KastielPalffy_05-23_72dpi_463.jpg.webp\" alt=\"\" title=\"\">\r\n                <\/div>\r\n                <div class=\"swiper-slide\">\r\n                   <img decoding=\"async\" src=\"https:\/\/viajur.sk\/wp-content\/uploads\/2024\/03\/KastielPalffy_05-23_72dpi_587.jpg\" alt=\"\" title=\"\">\r\n                <\/div>\r\n                <div class=\"swiper-slide\">\r\n                   <img decoding=\"async\" src=\"https:\/\/viajur.sk\/wp-content\/uploads\/2024\/03\/KastielPalffy_05-23_72dpi_592.jpg\" alt=\"\" title=\"\">\r\n                <\/div>\r\n                    <\/div>\r\n                <\/div>\r\n                \r\n                <div class=\"swiper-nav\">\r\n                    <div class=\"swiper-button-prev\"><\/div>\r\n                    <div class=\"swiper-button-next\"><\/div>\r\n                <\/div>\r\n\r\n            <\/div><\/div><\/div><\/div><\/div><\/section><section class=\"l-section wpb_row us_custom_57f9d441 height_medium\"><div class=\"l-section-h i-cf\"><div class=\"g-cols vc_row via_grid cols_1 laptops-cols_inherit tablets-cols_inherit mobiles-cols_1 valign_top type_default stacking_default\"><div class=\"wpb_column vc_column_container\"><div class=\"vc_column-inner\"><div class=\"w-vwrapper us_custom_1a1bc824 align_center valign_top\" style=\"--vwrapper-gap:0rem\"><div class=\"wpb_text_column us_custom_1e9d1b86 subtitle subtitle-13 has_text_color\"><div class=\"wpb_wrapper\"><p>Accommodation<\/p>\n<\/div><\/div><div class=\"wpb_text_column us_custom_eb849559\"><div class=\"wpb_wrapper\"><h4>View our unique apartments and book\u00a0a full experience at P\u00e1lffy Manor House today.<\/h4>\n<\/div><\/div><div class=\"w-hwrapper us_custom_45fc385b valign_top wrap align_none\" style=\"--hwrapper-gap:2.5rem\"><div class=\"wpb_text_column us_custom_6b1c8502 vj_link vj_link_dark\"><div class=\"wpb_wrapper\"><p><a href=\"https:\/\/www.kastielpalffy.sk\/ubytovanie\/\" target=\"_blank\" rel=\"noopener\">VIEW ACCOMMODATION<\/a><\/p>\n<\/div><\/div><div class=\"wpb_text_column us_custom_6b1c8502 vj_link vj_link_dark\"><div class=\"wpb_wrapper\"><p><a href=\"http:\/\/+421917482303\" target=\"_blank\" rel=\"noopener\">+421 917 482 303<\/a><\/p>\n<\/div><\/div><\/div><\/div><\/div><\/div><\/div><\/div><\/section>\n","protected":false},"excerpt":{"rendered":"Accommodation OverviewVineyardsCellarsWine Tours Accommodation Stay royally right in the P\u00e1lffy Manor House. Four unique apartments. Each of them different and yet all connected by luxury equipment and bewildering cosiness. Find the comfort you want and choose from three historic apartments, dedicated to the former owners of the manor, plus one in a modern style. The...","protected":false},"author":2,"featured_media":0,"parent":1123,"menu_order":0,"comment_status":"closed","ping_status":"closed","template":"","meta":{"footnotes":""},"class_list":["post-1128","page","type-page","status-publish","hentry"],"_links":{"self":[{"href":"https:\/\/viajur.sk\/en\/wp-json\/wp\/v2\/pages\/1128","targetHints":{"allow":["GET"]}}],"collection":[{"href":"https:\/\/viajur.sk\/en\/wp-json\/wp\/v2\/pages"}],"about":[{"href":"https:\/\/viajur.sk\/en\/wp-json\/wp\/v2\/types\/page"}],"author":[{"embeddable":true,"href":"https:\/\/viajur.sk\/en\/wp-json\/wp\/v2\/users\/2"}],"replies":[{"embeddable":true,"href":"https:\/\/viajur.sk\/en\/wp-json\/wp\/v2\/comments?post=1128"}],"version-history":[{"count":0,"href":"https:\/\/viajur.sk\/en\/wp-json\/wp\/v2\/pages\/1128\/revisions"}],"up":[{"embeddable":true,"href":"https:\/\/viajur.sk\/en\/wp-json\/wp\/v2\/pages\/1123"}],"wp:attachment":[{"href":"https:\/\/viajur.sk\/en\/wp-json\/wp\/v2\/media?parent=1128"}],"curies":[{"name":"wp","href":"https:\/\/api.w.org\/{rel}","templated":true}]}}