{"id":1149,"date":"2024-02-20T18:21:26","date_gmt":"2024-02-20T18:21:26","guid":{"rendered":"https:\/\/viajur.wpenginepowered.com\/?page_id=1149"},"modified":"2024-03-26T09:29:47","modified_gmt":"2024-03-26T09:29:47","slug":"pijur","status":"publish","type":"page","link":"https:\/\/viajur.sk\/en\/products\/pijur\/","title":{"rendered":"Pijur"},"content":{"rendered":"<section class=\"l-section wpb_row us_custom_7ca232c5 vj_header_hero height_medium with_img\"><div class=\"l-section-img\" role=\"img\" aria-label=\"Image\" data-img-width=\"800\" data-img-height=\"533\" style=\"background-image: url(https:\/\/viajur.sk\/wp-content\/uploads\/2024\/02\/viajur-vina-prehliadka.jpg);background-repeat: no-repeat;\"><\/div><div class=\"l-section-overlay\" style=\"background:linear-gradient(113.88deg, rgba(79, 66, 59, 0.5) 0%, rgba(198, 139, 102, 0.5) 100%)\"><\/div><div class=\"l-section-h i-cf\"><div class=\"g-cols vc_row via_grid cols_1 laptops-cols_inherit tablets-cols_inherit mobiles-cols_1 valign_top type_default stacking_default\"><div class=\"wpb_column vc_column_container\"><div class=\"vc_column-inner\"><div class=\"wpb_text_column us_custom_eb849559\"><div class=\"wpb_wrapper\"><h1>Pijur<\/h1>\n<\/div><\/div><\/div><\/div><\/div><\/div><\/section><section class=\"l-section wpb_row us_custom_d1bc5a04 vj_sticky_menu height_medium type_sticky\"><div class=\"l-section-h i-cf\"><div class=\"g-cols vc_row via_grid cols_1 laptops-cols_inherit tablets-cols_inherit mobiles-cols_1 valign_top type_default stacking_default\"><div class=\"wpb_column vc_column_container\"><div class=\"vc_column-inner\"><nav class=\"w-menu us_custom_5d178e00 layout_hor style_blocks us_menu_1\" style=\"--main-gap:3.75rem;--main-ver-indent:2rem;--main-bg-color:#DAD1C8;--main-color:#191717;--main-hover-bg-color:#DAD1C8;--main-hover-color:#191717;--main-active-bg-color:#DAD1C8;--main-active-color:#191717;\"><ul id=\"menu-menu-products\" class=\"menu\"><li id=\"menu-item-1353\" class=\"menu-item menu-item-type-post_type menu-item-object-page menu-item-1353\"><a href=\"https:\/\/viajur.sk\/en\/products\/\">Overview<\/a><\/li><li id=\"menu-item-1355\" class=\"menu-item menu-item-type-post_type menu-item-object-page menu-item-1355\"><a href=\"https:\/\/viajur.sk\/en\/products\/pijur\/\">Pijur<\/a><\/li><li id=\"menu-item-1354\" class=\"menu-item menu-item-type-post_type menu-item-object-page menu-item-1354\"><a href=\"https:\/\/viajur.sk\/en\/products\/fruit-spirits\/\">Fruit spirits<\/a><\/li><li id=\"menu-item-1761\" class=\"menu-item menu-item-type-post_type menu-item-object-page menu-item-1761\"><a href=\"https:\/\/viajur.sk\/en\/products\/viajur-products\/\">VIAJUR products<\/a><\/li><\/ul><style>@media ( max-width:10px ){.us_menu_1 .menu{display:block!important}.us_menu_1 .menu>li{margin:0 0 var(--main-gap,3.75rem)!important}}<\/style><\/nav><\/div><\/div><\/div><\/div><\/section>\n<section class=\"l-section wpb_row us_custom_6e3ae7e1 height_medium\"><div class=\"l-section-h i-cf\"><div class=\"g-cols vc_row via_grid cols_1 laptops-cols_inherit tablets-cols_inherit mobiles-cols_1 valign_top type_default stacking_default\"><div class=\"wpb_column vc_column_container\"><div class=\"vc_column-inner\"><div class=\"wpb_text_column us_custom_05eee780 subtitle subtitle-13 has_text_color\"><div class=\"wpb_wrapper\"><p>PiJUR<\/p>\n<\/div><\/div><div class=\"wpb_text_column us_custom_97a40a47\"><div class=\"wpb_wrapper\"><h2>PiJUR grape juice is made with no artificial sweeteners and additives by unique processing, which thanks to is full of vitamins, trace elements and polyphenols with anti-inflammatory and antioxidant effects.<\/h2>\n<\/div><\/div><div class=\"w-grid us_grid us_custom_e2f98a1d vj_grid_wines type_grid layout_610 cols_3 valign_center preload_style_spinner\" id=\"us_grid_1\" style=\"--columns:3;--gap:1.25rem;\" data-filterable=\"true\"><style>@media (max-width:960px){#us_grid_1{--columns:2!important}}@media (max-width:600px){#us_grid_1{--columns:1!important}}.layout_610 .w-grid-item-h{}.layout_610 .usg_vwrapper_1{width:100%!important;max-width:360px!important;margin-left:auto!important;margin-right:auto!important}.layout_610 .usg_post_image_1{width:220px!important;height:242px!important;margin-bottom:2rem!important}.layout_610 .usg_post_custom_field_1{color:#C1825B!important;text-align:center!important}.layout_610 .usg_post_title_1{color:#191717!important;text-align:center!important}.layout_610 .usg_text_1{width:123px!important;margin-left:auto!important;margin-top:auto!important;margin-right:auto!important}<\/style><div class=\"w-grid-list\">\t<article class=\"w-grid-item size_1x1 post-2925 products type-products status-publish has-post-thumbnail hentry category-pijur\" data-id=\"2925\">\r\n\t\t<div class=\"w-grid-item-h\">\r\n\t\t\t\t\t\t<div class=\"w-vwrapper usg_vwrapper_1 clickbox align_center valign_top\" style=\"--vwrapper-gap:10px\"><div class=\"w-post-elm post_image usg_post_image_1 vj_img_contain has_width has_height\"><a href=\"https:\/\/viajur.sk\/en\/product\/pijur\/pijur-hroznova-stava-bubbles-biela\/\" aria-label=\"PiJur Hroznov\u00e1 \u0161\u0165ava bubbles biela\"><img loading=\"lazy\" decoding=\"async\" width=\"304\" height=\"800\" src=\"https:\/\/viajur.sk\/wp-content\/uploads\/2024\/03\/Biela_sytena.png\" class=\"attachment-large size-large wp-post-image\" alt=\"\" srcset=\"https:\/\/viajur.sk\/wp-content\/uploads\/2024\/03\/Biela_sytena.png 304w, https:\/\/viajur.sk\/wp-content\/uploads\/2024\/03\/Biela_sytena-114x300.png 114w\" sizes=\"auto, (max-width: 304px) 100vw, 304px\" title=\"\"><\/a><\/div><h4 class=\"w-post-elm post_title usg_post_title_1 has_text_color align_center entry-title color_link_inherit\"><a href=\"https:\/\/viajur.sk\/en\/product\/pijur\/pijur-hroznova-stava-bubbles-biela\/\">PiJur Hroznov\u00e1 \u0161\u0165ava bubbles biela<\/a><\/h4><p class=\"w-text usg_text_1 vj_link vj_link_dark subtitle subtitle-13\"><span class=\"w-text-h\"><span class=\"w-text-value\">detail<\/span><\/span><\/p><\/div>\t\t<\/div>\r\n\t\t\t<\/article>\r\n\t<article class=\"w-grid-item size_1x1 post-2924 products type-products status-publish has-post-thumbnail hentry category-pijur\" data-id=\"2924\">\r\n\t\t<div class=\"w-grid-item-h\">\r\n\t\t\t\t\t\t<div class=\"w-vwrapper usg_vwrapper_1 clickbox align_center valign_top\" style=\"--vwrapper-gap:10px\"><div class=\"w-post-elm post_image usg_post_image_1 vj_img_contain has_width has_height\"><a href=\"https:\/\/viajur.sk\/en\/product\/pijur\/pijur-hroznova-stava-bubbles-cervena\/\" aria-label=\"PiJur Hroznov\u00e1 \u0161\u0165ava bubbles \u010derven\u00e1\"><img loading=\"lazy\" decoding=\"async\" width=\"304\" height=\"800\" src=\"https:\/\/viajur.sk\/wp-content\/uploads\/2024\/03\/Cervena_sytena.png\" class=\"attachment-large size-large wp-post-image\" alt=\"\" srcset=\"https:\/\/viajur.sk\/wp-content\/uploads\/2024\/03\/Cervena_sytena.png 304w, https:\/\/viajur.sk\/wp-content\/uploads\/2024\/03\/Cervena_sytena-114x300.png 114w\" sizes=\"auto, (max-width: 304px) 100vw, 304px\" title=\"\"><\/a><\/div><h4 class=\"w-post-elm post_title usg_post_title_1 has_text_color align_center entry-title color_link_inherit\"><a href=\"https:\/\/viajur.sk\/en\/product\/pijur\/pijur-hroznova-stava-bubbles-cervena\/\">PiJur Hroznov\u00e1 \u0161\u0165ava bubbles \u010derven\u00e1<\/a><\/h4><p class=\"w-text usg_text_1 vj_link vj_link_dark subtitle subtitle-13\"><span class=\"w-text-h\"><span class=\"w-text-value\">detail<\/span><\/span><\/p><\/div>\t\t<\/div>\r\n\t\t\t<\/article>\r\n\t<article class=\"w-grid-item size_1x1 post-1765 products type-products status-publish has-post-thumbnail hentry category-pijur-en\" data-id=\"1765\">\r\n\t\t<div class=\"w-grid-item-h\">\r\n\t\t\t\t\t\t<div class=\"w-vwrapper usg_vwrapper_1 clickbox align_center valign_top\" style=\"--vwrapper-gap:10px\"><div class=\"w-post-elm post_image usg_post_image_1 vj_img_contain has_width has_height\"><a href=\"https:\/\/viajur.sk\/en\/product\/pijur\/pijur-hroznova-stava-cervena\/\" aria-label=\"PiJUR red grape juice\"><img loading=\"lazy\" decoding=\"async\" width=\"304\" height=\"800\" src=\"https:\/\/viajur.sk\/wp-content\/uploads\/2024\/03\/Cervena_nesytena.png\" class=\"attachment-large size-large wp-post-image\" alt=\"\" srcset=\"https:\/\/viajur.sk\/wp-content\/uploads\/2024\/03\/Cervena_nesytena.png 304w, https:\/\/viajur.sk\/wp-content\/uploads\/2024\/03\/Cervena_nesytena-114x300.png 114w\" sizes=\"auto, (max-width: 304px) 100vw, 304px\" title=\"\"><\/a><\/div><h4 class=\"w-post-elm post_title usg_post_title_1 has_text_color align_center entry-title color_link_inherit\"><a href=\"https:\/\/viajur.sk\/en\/product\/pijur\/pijur-hroznova-stava-cervena\/\">PiJUR red grape juice<\/a><\/h4><p class=\"w-text usg_text_1 vj_link vj_link_dark subtitle subtitle-13\"><span class=\"w-text-h\"><span class=\"w-text-value\">detail<\/span><\/span><\/p><\/div>\t\t<\/div>\r\n\t\t\t<\/article>\r\n\t<article class=\"w-grid-item size_1x1 post-1766 products type-products status-publish has-post-thumbnail hentry category-pijur-en\" data-id=\"1766\">\r\n\t\t<div class=\"w-grid-item-h\">\r\n\t\t\t\t\t\t<div class=\"w-vwrapper usg_vwrapper_1 clickbox align_center valign_top\" style=\"--vwrapper-gap:10px\"><div class=\"w-post-elm post_image usg_post_image_1 vj_img_contain has_width has_height\"><a href=\"https:\/\/viajur.sk\/en\/product\/pijur\/pijur-hroznova-stava-biela\/\" aria-label=\"PiJUR white grape juice\"><img loading=\"lazy\" decoding=\"async\" width=\"304\" height=\"800\" src=\"https:\/\/viajur.sk\/wp-content\/uploads\/2024\/03\/Biela_nesytena.png\" class=\"attachment-large size-large wp-post-image\" alt=\"\" srcset=\"https:\/\/viajur.sk\/wp-content\/uploads\/2024\/03\/Biela_nesytena.png 304w, https:\/\/viajur.sk\/wp-content\/uploads\/2024\/03\/Biela_nesytena-114x300.png 114w\" sizes=\"auto, (max-width: 304px) 100vw, 304px\" title=\"\"><\/a><\/div><h4 class=\"w-post-elm post_title usg_post_title_1 has_text_color align_center entry-title color_link_inherit\"><a href=\"https:\/\/viajur.sk\/en\/product\/pijur\/pijur-hroznova-stava-biela\/\">PiJUR white grape juice<\/a><\/h4><p class=\"w-text usg_text_1 vj_link vj_link_dark subtitle subtitle-13\"><span class=\"w-text-h\"><span class=\"w-text-value\">detail<\/span><\/span><\/p><\/div>\t\t<\/div>\r\n\t\t\t<\/article>\r\n\t<article class=\"w-grid-item size_1x1 post-2446 products type-products status-publish has-post-thumbnail hentry category-pijur-en\" data-id=\"2446\">\r\n\t\t<div class=\"w-grid-item-h\">\r\n\t\t\t\t\t\t<div class=\"w-vwrapper usg_vwrapper_1 clickbox align_center valign_top\" style=\"--vwrapper-gap:10px\"><div class=\"w-post-elm post_image usg_post_image_1 vj_img_contain has_width has_height\"><a href=\"https:\/\/viajur.sk\/en\/product\/pijur\/pijur-white-grape-juice-1l\/\" aria-label=\"PiJUR White Grape Juice 1L\"><img loading=\"lazy\" decoding=\"async\" width=\"216\" height=\"900\" src=\"https:\/\/viajur.sk\/wp-content\/uploads\/2024\/05\/230524_ViaJur_08.png\" class=\"attachment-large size-large wp-post-image\" alt=\"\" srcset=\"https:\/\/viajur.sk\/wp-content\/uploads\/2024\/05\/230524_ViaJur_08.png 216w, https:\/\/viajur.sk\/wp-content\/uploads\/2024\/05\/230524_ViaJur_08-72x300.png 72w\" sizes=\"auto, (max-width: 216px) 100vw, 216px\" title=\"\"><\/a><\/div><h4 class=\"w-post-elm post_title usg_post_title_1 has_text_color align_center entry-title color_link_inherit\"><a href=\"https:\/\/viajur.sk\/en\/product\/pijur\/pijur-white-grape-juice-1l\/\">PiJUR White Grape Juice 1L<\/a><\/h4><p class=\"w-text usg_text_1 vj_link vj_link_dark subtitle subtitle-13\"><span class=\"w-text-h\"><span class=\"w-text-value\">detail<\/span><\/span><\/p><\/div>\t\t<\/div>\r\n\t\t\t<\/article>\r\n\t<article class=\"w-grid-item size_1x1 post-2445 products type-products status-publish has-post-thumbnail hentry category-pijur-en\" data-id=\"2445\">\r\n\t\t<div class=\"w-grid-item-h\">\r\n\t\t\t\t\t\t<div class=\"w-vwrapper usg_vwrapper_1 clickbox align_center valign_top\" style=\"--vwrapper-gap:10px\"><div class=\"w-post-elm post_image usg_post_image_1 vj_img_contain has_width has_height\"><a href=\"https:\/\/viajur.sk\/en\/product\/pijur\/pijur-red-grape-juice-1l\/\" aria-label=\"PiJUR Red Grape Juice 1L\"><img loading=\"lazy\" decoding=\"async\" width=\"217\" height=\"900\" src=\"https:\/\/viajur.sk\/wp-content\/uploads\/2024\/05\/230524_ViaJur_05.png\" class=\"attachment-large size-large wp-post-image\" alt=\"\" srcset=\"https:\/\/viajur.sk\/wp-content\/uploads\/2024\/05\/230524_ViaJur_05.png 217w, https:\/\/viajur.sk\/wp-content\/uploads\/2024\/05\/230524_ViaJur_05-72x300.png 72w\" sizes=\"auto, (max-width: 217px) 100vw, 217px\" title=\"\"><\/a><\/div><h4 class=\"w-post-elm post_title usg_post_title_1 has_text_color align_center entry-title color_link_inherit\"><a href=\"https:\/\/viajur.sk\/en\/product\/pijur\/pijur-red-grape-juice-1l\/\">PiJUR Red Grape Juice 1L<\/a><\/h4><p class=\"w-text usg_text_1 vj_link vj_link_dark subtitle subtitle-13\"><span class=\"w-text-h\"><span class=\"w-text-value\">detail<\/span><\/span><\/p><\/div>\t\t<\/div>\r\n\t\t\t<\/article>\r\n<\/div>\t<div class=\"w-grid-preloader\">\r\n\t\t<div class=\"g-preloader type_1\">\r\n\t\t\t<div><\/div>\r\n\t\t<\/div>\r\n\t<\/div>\r\n\t\t<div class=\"w-grid-json hidden\" onclick='return {&quot;action&quot;:&quot;us_ajax_grid&quot;,&quot;infinite_scroll&quot;:0,&quot;max_num_pages&quot;:1,&quot;pagination&quot;:&quot;none&quot;,&quot;template_vars&quot;:{&quot;columns&quot;:&quot;3&quot;,&quot;exclude_items&quot;:&quot;none&quot;,&quot;img_size&quot;:&quot;default&quot;,&quot;ignore_items_size&quot;:0,&quot;items_layout&quot;:&quot;610&quot;,&quot;items_offset&quot;:&quot;1&quot;,&quot;load_animation&quot;:&quot;none&quot;,&quot;overriding_link&quot;:&quot;%7B%22url%22%3A%22%22%7D&quot;,&quot;post_id&quot;:0,&quot;query_args&quot;:{&quot;post_type&quot;:[&quot;products&quot;],&quot;tax_query&quot;:[{&quot;taxonomy&quot;:&quot;category&quot;,&quot;field&quot;:&quot;slug&quot;,&quot;terms&quot;:[&quot;pijur&quot;]}],&quot;post_status&quot;:[&quot;publish&quot;],&quot;posts_per_page&quot;:&quot;50&quot;},&quot;orderby_query_args&quot;:{&quot;orderby&quot;:{&quot;date&quot;:&quot;DESC&quot;}},&quot;type&quot;:&quot;grid&quot;,&quot;us_grid_post_type&quot;:&quot;products&quot;,&quot;us_grid_ajax_index&quot;:1,&quot;us_grid_filter_query_string&quot;:null,&quot;us_grid_index&quot;:1,&quot;page_args&quot;:[],&quot;lang&quot;:&quot;en&quot;}}'><\/div>\r\n\t<\/div><\/div><\/div><\/div><\/div><\/section>\n","protected":false},"excerpt":{"rendered":"Products PiJUR Red Grape Juice 1LPiJUR Red Grape Juice 1LMade from blue grapes of the Dunaj variety. The aroma is dominated by notes of freshly squeezed fruit, the taste combines fresh acid and natural grape sugar. In a stylish bottle. Buy on the VIAJUR e-shoparrow_outward","protected":false},"author":2,"featured_media":0,"parent":1151,"menu_order":0,"comment_status":"closed","ping_status":"closed","template":"","meta":{"footnotes":""},"class_list":["post-1149","page","type-page","status-publish","hentry"],"_links":{"self":[{"href":"https:\/\/viajur.sk\/en\/wp-json\/wp\/v2\/pages\/1149","targetHints":{"allow":["GET"]}}],"collection":[{"href":"https:\/\/viajur.sk\/en\/wp-json\/wp\/v2\/pages"}],"about":[{"href":"https:\/\/viajur.sk\/en\/wp-json\/wp\/v2\/types\/page"}],"author":[{"embeddable":true,"href":"https:\/\/viajur.sk\/en\/wp-json\/wp\/v2\/users\/2"}],"replies":[{"embeddable":true,"href":"https:\/\/viajur.sk\/en\/wp-json\/wp\/v2\/comments?post=1149"}],"version-history":[{"count":0,"href":"https:\/\/viajur.sk\/en\/wp-json\/wp\/v2\/pages\/1149\/revisions"}],"up":[{"embeddable":true,"href":"https:\/\/viajur.sk\/en\/wp-json\/wp\/v2\/pages\/1151"}],"wp:attachment":[{"href":"https:\/\/viajur.sk\/en\/wp-json\/wp\/v2\/media?parent=1149"}],"curies":[{"name":"wp","href":"https:\/\/api.w.org\/{rel}","templated":true}]}}