{"id":1164,"date":"2024-02-06T13:14:43","date_gmt":"2024-02-06T13:14:43","guid":{"rendered":"https:\/\/viajur.wpenginepowered.com\/?page_id=1164"},"modified":"2024-06-17T07:35:05","modified_gmt":"2024-06-17T07:35:05","slug":"wine-tours","status":"publish","type":"page","link":"https:\/\/viajur.sk\/en\/estate-farna\/wine-tours\/","title":{"rendered":"Wine Tours Farn\u00e1"},"content":{"rendered":"<section class=\"l-section wpb_row us_custom_896cfa17 vj_header_hero height_medium with_img\"><div class=\"l-section-img\" role=\"img\" aria-label=\"Image\" data-img-width=\"1440\" data-img-height=\"580\" style=\"background-image: url(https:\/\/viajur.sk\/wp-content\/uploads\/2024\/03\/usadlost-farna-vinarstvo.jpg);background-position: bottom center;background-repeat: no-repeat;\"><\/div><div class=\"l-section-overlay\" style=\"background:linear-gradient(113.88deg, rgba(79, 66, 59, 0.5) 0%, rgba(198, 139, 102, 0.5) 100%)\"><\/div><div class=\"l-section-h i-cf\"><div class=\"g-cols vc_row via_grid cols_1 laptops-cols_inherit tablets-cols_inherit mobiles-cols_1 valign_top type_default stacking_default\"><div class=\"wpb_column vc_column_container\"><div class=\"vc_column-inner\"><div class=\"wpb_text_column us_custom_eb849559\"><div class=\"wpb_wrapper\"><h1>Wine Tours<\/h1>\n<\/div><\/div><\/div><\/div><\/div><\/div><\/section><section class=\"l-section wpb_row us_custom_d1bc5a04 vj_sticky_menu height_medium type_sticky\"><div class=\"l-section-h i-cf\"><div class=\"g-cols vc_row via_grid cols_1 laptops-cols_inherit tablets-cols_inherit mobiles-cols_1 valign_top type_default stacking_default\"><div class=\"wpb_column vc_column_container\"><div class=\"vc_column-inner\"><nav class=\"w-menu us_custom_5d178e00 layout_hor style_blocks us_menu_1\" style=\"--main-gap:3.75rem;--main-ver-indent:2rem;--main-bg-color:#DAD1C8;--main-color:#191717;--main-hover-bg-color:#DAD1C8;--main-hover-color:#191717;--main-active-bg-color:#DAD1C8;--main-active-color:#191717;\"><ul id=\"menu-menu-farna-en\" class=\"menu\"><li id=\"menu-item-1373\" class=\"menu-item menu-item-type-post_type menu-item-object-page menu-item-1373\"><a href=\"https:\/\/viajur.sk\/en\/estate-farna\/\">Overview<\/a><\/li><li id=\"menu-item-1375\" class=\"menu-item menu-item-type-post_type menu-item-object-page menu-item-1375\"><a href=\"https:\/\/viajur.sk\/en\/estate-farna\/vineyards\/\">Vineyards<\/a><\/li><li id=\"menu-item-1376\" class=\"menu-item menu-item-type-post_type menu-item-object-page menu-item-1376\"><a href=\"https:\/\/viajur.sk\/en\/estate-farna\/wine-tours\/\">Wine Tours<\/a><\/li><li id=\"menu-item-1377\" class=\"menu-item menu-item-type-post_type menu-item-object-page menu-item-1377\"><a href=\"https:\/\/viajur.sk\/en\/estate-farna\/experience\/\">Experience<\/a><\/li><li id=\"menu-item-1378\" class=\"menu-item menu-item-type-post_type menu-item-object-page menu-item-1378\"><a href=\"https:\/\/viajur.sk\/en\/estate-farna\/celebrations-and-events\/\">Celebrations and events<\/a><\/li><li id=\"menu-item-1984\" class=\"menu-item menu-item-type-post_type menu-item-object-page menu-item-1984\"><a href=\"https:\/\/viajur.sk\/en\/events\/\">Events<\/a><\/li><\/ul><style>@media ( max-width:10px ){.us_menu_1 .menu{display:block!important}.us_menu_1 .menu>li{margin:0 0 var(--main-gap,3.75rem)!important}}<\/style><\/nav><\/div><\/div><\/div><\/div><\/section>\n<section class=\"l-section wpb_row us_custom_8f2ab4b5 vj_content_single height_medium\"><div class=\"l-section-h i-cf\"><div class=\"g-cols vc_row via_grid cols_1 laptops-cols_inherit tablets-cols_inherit mobiles-cols_1 valign_top type_default stacking_default\"><div class=\"wpb_column vc_column_container vj_content_block_content\"><div class=\"vc_column-inner\"><div class=\"w-vwrapper us_custom_1a1bc824 align_center valign_top\" style=\"--vwrapper-gap:0rem\"><div class=\"wpb_text_column us_custom_1e9d1b86 subtitle subtitle-13 has_text_color\"><div class=\"wpb_wrapper\"><p>Vineyard tours<\/p>\n<\/div><\/div><div class=\"wpb_text_column us_custom_eb849559\"><div class=\"wpb_wrapper\"><h2>Meet the Farn\u00e1 estate, taste a selection of the best in the wine cellar of the R\u00e9va wine house and know the world of wine from the ground up through experiential vineyard tours.<\/h2>\n<\/div><\/div><\/div><\/div><\/div><\/div><\/div><\/section><section class=\"l-section wpb_row us_custom_577a9dba vj_content_block vj_content_block_left height_medium\"><div class=\"l-section-h i-cf\"><div class=\"g-cols vc_row via_grid cols_2-1 laptops-cols_inherit tablets-cols_inherit mobiles-cols_1 valign_middle type_default stacking_default\" style=\"--columns-gap:8.75rem;--laptops-columns-gap:8.75rem;--tablets-columns-gap:1.875rem;--mobiles-columns-gap:1.875rem;\"><div class=\"wpb_column vc_column_container us_custom_5530050a vj_content_block_photo stretched\"><div class=\"vc_column-inner\"><div class=\"w-image us_custom_dd5e410f vj_img_overlay vj_img_cover has_height align_left\"><div class=\"w-image-h\"><img decoding=\"async\" width=\"800\" height=\"600\" src=\"https:\/\/viajur.sk\/wp-content\/uploads\/2024\/03\/farna-degustacia-1.jpg\" class=\"attachment-large size-large\" alt=\"\" loading=\"lazy\" srcset=\"https:\/\/viajur.sk\/wp-content\/uploads\/2024\/03\/farna-degustacia-1.jpg 800w, https:\/\/viajur.sk\/wp-content\/uploads\/2024\/03\/farna-degustacia-1-300x225.jpg 300w\" sizes=\"auto, (max-width: 800px) 100vw, 800px\" title=\"\"><\/div><\/div><\/div><\/div><div class=\"wpb_column vc_column_container vj_content_block_content\"><div class=\"vc_column-inner\"><div class=\"wpb_text_column us_custom_d2a639f0\"><div class=\"wpb_wrapper\"><h3>R\u00e9va vineyard tour<\/h3>\n<\/div><\/div><div class=\"w-hwrapper us_custom_59f3d0d9 valign_top align_none\" style=\"--hwrapper-gap:2.5rem\"><div class=\"w-vwrapper align_center valign_top\" style=\"--vwrapper-gap:5px\"><div class=\"w-image us_custom_7009134f has_height align_center\"><div class=\"w-image-h\"><img decoding=\"async\" width=\"1024\" height=\"1024\" src=\"https:\/\/viajur.sk\/wp-content\/uploads\/2024\/02\/watch.svg\" class=\"attachment-large size-large\" alt=\"\" loading=\"lazy\" title=\"\"><\/div><\/div><div class=\"wpb_text_column us_custom_eb849559\"><div class=\"wpb_wrapper\"><p>45 min<\/p>\n<\/div><\/div><\/div><div class=\"w-vwrapper align_center valign_top\" style=\"--vwrapper-gap:5px\"><div class=\"w-image us_custom_7009134f has_height align_center\"><div class=\"w-image-h\"><img decoding=\"async\" width=\"1024\" height=\"1024\" src=\"https:\/\/viajur.sk\/wp-content\/uploads\/2024\/02\/wine.svg\" class=\"attachment-large size-large\" alt=\"\" loading=\"lazy\" title=\"\"><\/div><\/div><div class=\"wpb_text_column us_custom_eb849559\"><div class=\"wpb_wrapper\"><p>3 wine samples<\/p>\n<\/div><\/div><\/div><div class=\"w-vwrapper align_center valign_top\" style=\"--vwrapper-gap:5px\"><div class=\"w-image us_custom_7009134f has_height align_center\"><div class=\"w-image-h\"><img decoding=\"async\" width=\"1024\" height=\"1024\" src=\"https:\/\/viajur.sk\/wp-content\/uploads\/2024\/02\/person.svg\" class=\"attachment-large size-large\" alt=\"\" loading=\"lazy\" title=\"\"><\/div><\/div><div class=\"wpb_text_column us_custom_eb849559\"><div class=\"wpb_wrapper\"><p>15 \u20ac\/person<\/p>\n<\/div><\/div><\/div><\/div><div class=\"wpb_text_column us_custom_7910dede\"><div class=\"wpb_wrapper\"><p>A tour of a vineyard house with a tasting of 3 wine samples. Duration approx. 45 min. The price of the wine tasting is 15 \u20ac\/person.<\/p>\n<\/div><\/div><div class=\"wpb_text_column us_custom_f0e85f69 vj_link vj_link_dark\"><div class=\"wpb_wrapper\"><p><a style=\"color: #191717;\" href=\"https:\/\/booking.viajur.sk\/en\/vouchers\/info\/515?price=10\" target=\"_blank\" rel=\"noopener\">Book now<\/a><\/p>\n<\/div><\/div><\/div><\/div><\/div><\/div><\/section><section class=\"l-section wpb_row us_custom_6a723ec2 vj_content_block vj_content_block_right height_medium\"><div class=\"l-section-h i-cf\"><div class=\"g-cols vc_row via_grid cols_1-2 laptops-cols_inherit tablets-cols_inherit mobiles-cols_1 valign_middle type_default reversed stacking_default\" style=\"--columns-gap:8.75rem;--laptops-columns-gap:8.75rem;--tablets-columns-gap:1.875rem;--mobiles-columns-gap:1.875rem;\"><div class=\"wpb_column vc_column_container vj_content_block_content\"><div class=\"vc_column-inner\"><div class=\"wpb_text_column us_custom_d2a639f0\"><div class=\"wpb_wrapper\"><h3>Farn\u00e1 vineyard tour<\/h3>\n<\/div><\/div><div class=\"w-hwrapper us_custom_59f3d0d9 valign_top align_none\" style=\"--hwrapper-gap:2.5rem\"><div class=\"w-vwrapper align_center valign_top\" style=\"--vwrapper-gap:5px\"><div class=\"w-image us_custom_7009134f has_height align_center\"><div class=\"w-image-h\"><img decoding=\"async\" width=\"1024\" height=\"1024\" src=\"https:\/\/viajur.sk\/wp-content\/uploads\/2024\/02\/watch.svg\" class=\"attachment-large size-large\" alt=\"\" loading=\"lazy\" title=\"\"><\/div><\/div><div class=\"wpb_text_column us_custom_eb849559\"><div class=\"wpb_wrapper\"><p>1,5 h<\/p>\n<\/div><\/div><\/div><div class=\"w-vwrapper align_center valign_top\" style=\"--vwrapper-gap:5px\"><div class=\"w-image us_custom_7009134f has_height align_center\"><div class=\"w-image-h\"><img decoding=\"async\" width=\"1024\" height=\"1024\" src=\"https:\/\/viajur.sk\/wp-content\/uploads\/2024\/02\/wine.svg\" class=\"attachment-large size-large\" alt=\"\" loading=\"lazy\" title=\"\"><\/div><\/div><div class=\"wpb_text_column us_custom_eb849559\"><div class=\"wpb_wrapper\"><p>5 wine samples<\/p>\n<\/div><\/div><\/div><div class=\"w-vwrapper align_center valign_top\" style=\"--vwrapper-gap:5px\"><div class=\"w-image us_custom_7009134f has_height align_center\"><div class=\"w-image-h\"><img decoding=\"async\" width=\"1024\" height=\"1024\" src=\"https:\/\/viajur.sk\/wp-content\/uploads\/2024\/02\/person.svg\" class=\"attachment-large size-large\" alt=\"\" loading=\"lazy\" title=\"\"><\/div><\/div><div class=\"wpb_text_column us_custom_eb849559\"><div class=\"wpb_wrapper\"><p>30 \u20ac\/person<\/p>\n<\/div><\/div><\/div><\/div><div class=\"wpb_text_column us_custom_7910dede\"><div class=\"wpb_wrapper\"><p>A tour of the vineyard house and barn, in which there is a museum of tractors with a tasting of 5 wine samples with a bite. Duration approx. 1.5 hours. The price of the wine tasting is 30 \u20ac\/person.<\/p>\n<\/div><\/div><div class=\"wpb_text_column us_custom_f0e85f69 vj_link vj_link_dark\"><div class=\"wpb_wrapper\"><p><a style=\"color: #191717;\" href=\"https:\/\/booking.viajur.sk\/en\/vouchers\/info\/514?price=20\" target=\"_blank\" rel=\"noopener\">Book now<\/a><\/p>\n<\/div><\/div><\/div><\/div><div class=\"wpb_column vc_column_container us_custom_5530050a vj_content_block_photo stretched\"><div class=\"vc_column-inner\"><div class=\"w-image us_custom_dd5e410f vj_img_overlay vj_img_cover has_height align_right\"><div class=\"w-image-h\"><img decoding=\"async\" width=\"800\" height=\"600\" src=\"https:\/\/viajur.sk\/wp-content\/uploads\/2024\/03\/farna-degustacia-1.png\" class=\"attachment-large size-large\" alt=\"\" loading=\"lazy\" srcset=\"https:\/\/viajur.sk\/wp-content\/uploads\/2024\/03\/farna-degustacia-1.png 800w, https:\/\/viajur.sk\/wp-content\/uploads\/2024\/03\/farna-degustacia-1-300x225.png 300w\" sizes=\"auto, (max-width: 800px) 100vw, 800px\" title=\"\"><\/div><\/div><\/div><\/div><\/div><\/div><\/section>\n","protected":false},"excerpt":{"rendered":"Wine Tours OverviewVineyardsWine ToursExperienceCelebrations and eventsEvents Vineyard tours Meet the Farn\u00e1 estate, taste a selection of the best in the wine cellar of the R\u00e9va wine house and know the world of wine from the ground up through experiential vineyard tours. R\u00e9va vineyard tour 45 min 3 wine samples 15 \u20ac\/person A tour of a...","protected":false},"author":2,"featured_media":0,"parent":733,"menu_order":0,"comment_status":"closed","ping_status":"closed","template":"","meta":{"footnotes":""},"class_list":["post-1164","page","type-page","status-publish","hentry"],"_links":{"self":[{"href":"https:\/\/viajur.sk\/en\/wp-json\/wp\/v2\/pages\/1164","targetHints":{"allow":["GET"]}}],"collection":[{"href":"https:\/\/viajur.sk\/en\/wp-json\/wp\/v2\/pages"}],"about":[{"href":"https:\/\/viajur.sk\/en\/wp-json\/wp\/v2\/types\/page"}],"author":[{"embeddable":true,"href":"https:\/\/viajur.sk\/en\/wp-json\/wp\/v2\/users\/2"}],"replies":[{"embeddable":true,"href":"https:\/\/viajur.sk\/en\/wp-json\/wp\/v2\/comments?post=1164"}],"version-history":[{"count":0,"href":"https:\/\/viajur.sk\/en\/wp-json\/wp\/v2\/pages\/1164\/revisions"}],"up":[{"embeddable":true,"href":"https:\/\/viajur.sk\/en\/wp-json\/wp\/v2\/pages\/733"}],"wp:attachment":[{"href":"https:\/\/viajur.sk\/en\/wp-json\/wp\/v2\/media?parent=1164"}],"curies":[{"name":"wp","href":"https:\/\/api.w.org\/{rel}","templated":true}]}}