{"id":1306,"date":"2024-02-21T07:48:06","date_gmt":"2024-02-21T07:48:06","guid":{"rendered":"https:\/\/viajur.wpenginepowered.com\/?page_id=1306"},"modified":"2024-03-26T09:01:51","modified_gmt":"2024-03-26T09:01:51","slug":"photo-gallery","status":"publish","type":"page","link":"https:\/\/viajur.sk\/en\/photo-gallery\/","title":{"rendered":"Photo gallery"},"content":{"rendered":"<section class=\"l-section wpb_row us_custom_8b63e498 vj_header_hero height_medium\"><div class=\"l-section-overlay\" style=\"background:linear-gradient(113.88deg, rgba(79, 66, 59, 0.5) 0%, rgba(198, 139, 102, 0.5) 100%)\"><\/div><div class=\"l-section-h i-cf\"><div class=\"g-cols vc_row via_grid cols_1 laptops-cols_inherit tablets-cols_inherit mobiles-cols_1 valign_top type_default stacking_default\"><div class=\"wpb_column vc_column_container\"><div class=\"vc_column-inner\"><div class=\"wpb_text_column us_custom_eb849559\"><div class=\"wpb_wrapper\"><h1>Photo gallery<\/h1>\n<\/div><\/div><\/div><\/div><\/div><\/div><\/section><section class=\"l-section wpb_row us_custom_d1bc5a04 vj_sticky_menu height_medium type_sticky\"><div class=\"l-section-h i-cf\"><div class=\"g-cols vc_row via_grid cols_1 laptops-cols_inherit tablets-cols_inherit mobiles-cols_1 valign_top type_default stacking_default\"><div class=\"wpb_column vc_column_container\"><div class=\"vc_column-inner\"><nav class=\"w-menu us_custom_5d178e00 layout_hor style_blocks us_menu_1\" style=\"--main-gap:3.75rem;--main-ver-indent:2rem;--main-bg-color:#DAD1C8;--main-color:#191717;--main-hover-bg-color:#DAD1C8;--main-hover-color:#191717;--main-active-bg-color:#DAD1C8;--main-active-color:#191717;\"><ul id=\"menu-aktuality\" class=\"menu\"><li id=\"menu-item-1896\" class=\"menu-item menu-item-type-post_type menu-item-object-page menu-item-1896\"><a href=\"https:\/\/viajur.sk\/o-nas\/\">About us<\/a><\/li><li id=\"menu-item-1895\" class=\"menu-item menu-item-type-post_type menu-item-object-page menu-item-1895\"><a href=\"https:\/\/viajur.sk\/fotogaleria\/\">Photo gallery<\/a><\/li><\/ul><style>@media ( max-width:10px ){.us_menu_1 .menu{display:block!important}.us_menu_1 .menu>li{margin:0 0 var(--main-gap,3.75rem)!important}}<\/style><\/nav><\/div><\/div><\/div><\/div><\/section>\n<section class=\"l-section wpb_row us_custom_15f6c165 height_medium width_full\" id=\"viajur_gallery_block\"><div class=\"l-section-h i-cf\"><div class=\"g-cols vc_row via_grid cols_1 laptops-cols_inherit tablets-cols_inherit mobiles-cols_1 valign_top type_default stacking_default\"><div class=\"wpb_column vc_column_container\"><div class=\"vc_column-inner\"><div class=\"w-grid us_grid with_filters type_grid layout_gallery_default hidden cols_3 preload_style_spinner with_css_animation\" id=\"viajur_gallery\" style=\"--columns:3;--gap:1.5rem;\"><style>@media (max-width:960px){#viajur_gallery{--columns:2!important}}@media (max-width:600px){#viajur_gallery{--columns:1!important}}.layout_gallery_default .w-grid-item-h{}<\/style><div class=\"g-filters style_1 align_center\"><button class=\"g-filters-item active\" data-taxonomy=\"*\"><span>All<\/span><\/button><button class=\"g-filters-item\" data-taxonomy=\"farna\" data-amount=\"38\"><span>Farn\u00e1<\/span><span class=\"g-filters-item-amount\">38<\/span><\/button><button class=\"g-filters-item\" data-taxonomy=\"produkty\" data-amount=\"19\"><span>Produkty<\/span><span class=\"g-filters-item-amount\">19<\/span><\/button><button class=\"g-filters-item\" data-taxonomy=\"svaty-jur\" data-amount=\"33\"><span>Sv\u00e4t\u00fd Jur<\/span><span class=\"g-filters-item-amount\">33<\/span><\/button><\/div><div class=\"w-grid-list\" data-filter_taxonomy_name=\"us_media_category\" data-filter_default_taxonomies=\"farna,produkty,svaty-jur\"><\/div>\t<div class=\"w-grid-preloader\">\r\n\t\t<div class=\"g-preloader type_1\">\r\n\t\t\t<div><\/div>\r\n\t\t<\/div>\r\n\t<\/div>\r\n\t\t<div class=\"w-grid-json hidden\" onclick='return {&quot;action&quot;:&quot;us_ajax_grid&quot;,&quot;infinite_scroll&quot;:0,&quot;max_num_pages&quot;:0,&quot;pagination&quot;:&quot;none&quot;,&quot;template_vars&quot;:{&quot;columns&quot;:&quot;3&quot;,&quot;exclude_items&quot;:&quot;none&quot;,&quot;img_size&quot;:&quot;default&quot;,&quot;ignore_items_size&quot;:0,&quot;items_layout&quot;:&quot;gallery_default&quot;,&quot;items_offset&quot;:&quot;1&quot;,&quot;load_animation&quot;:&quot;fade&quot;,&quot;overriding_link&quot;:&quot;%7B%22type%22%3A%22popup_image%22%7D&quot;,&quot;post_id&quot;:0,&quot;query_args&quot;:{&quot;post_type&quot;:[&quot;attachment&quot;],&quot;tax_query&quot;:[{&quot;taxonomy&quot;:&quot;us_media_category&quot;,&quot;field&quot;:&quot;slug&quot;,&quot;terms&quot;:[&quot;farna&quot;,&quot;produkty&quot;,&quot;svaty-jur&quot;]}],&quot;post__in&quot;:[&quot;1506&quot;,&quot;1504&quot;,&quot;1502&quot;,&quot;1500&quot;,&quot;1498&quot;,&quot;1496&quot;,&quot;1494&quot;,&quot;1492&quot;,&quot;1490&quot;,&quot;1488&quot;,&quot;1486&quot;,&quot;1484&quot;,&quot;1482&quot;,&quot;1480&quot;,&quot;1478&quot;,&quot;1476&quot;,&quot;1474&quot;,&quot;1472&quot;,&quot;1470&quot;,&quot;1468&quot;,&quot;1466&quot;,&quot;1464&quot;,&quot;1462&quot;,&quot;1460&quot;,&quot;1458&quot;,&quot;1456&quot;,&quot;1454&quot;,&quot;1452&quot;,&quot;1450&quot;,&quot;1448&quot;,&quot;1446&quot;,&quot;1444&quot;,&quot;1442&quot;,&quot;1440&quot;,&quot;1438&quot;,&quot;1436&quot;,&quot;1564&quot;,&quot;1562&quot;,&quot;1560&quot;,&quot;1558&quot;,&quot;1556&quot;,&quot;1554&quot;,&quot;1552&quot;,&quot;1550&quot;,&quot;1548&quot;,&quot;1546&quot;,&quot;1544&quot;,&quot;1542&quot;,&quot;1540&quot;,&quot;1538&quot;,&quot;1536&quot;,&quot;1534&quot;,&quot;1532&quot;,&quot;1530&quot;,&quot;1528&quot;,&quot;1526&quot;,&quot;1524&quot;,&quot;1522&quot;,&quot;1520&quot;,&quot;1518&quot;,&quot;1516&quot;,&quot;1514&quot;,&quot;1512&quot;,&quot;1510&quot;,&quot;1508&quot;,&quot;1598&quot;,&quot;1596&quot;,&quot;1594&quot;,&quot;1592&quot;,&quot;1590&quot;,&quot;1588&quot;,&quot;1586&quot;,&quot;1584&quot;,&quot;1582&quot;,&quot;1580&quot;,&quot;1578&quot;,&quot;1576&quot;,&quot;1574&quot;,&quot;1572&quot;,&quot;1570&quot;,&quot;1568&quot;,&quot;1566&quot;],&quot;post_status&quot;:&quot;inherit&quot;,&quot;post_mime_type&quot;:&quot;image&quot;,&quot;posts_per_page&quot;:&quot;50&quot;},&quot;orderby_query_args&quot;:{&quot;orderby&quot;:{&quot;date&quot;:&quot;DESC&quot;}},&quot;type&quot;:&quot;grid&quot;,&quot;us_grid_post_type&quot;:&quot;attachment&quot;,&quot;us_grid_ajax_index&quot;:1,&quot;us_grid_filter_query_string&quot;:null,&quot;us_grid_index&quot;:1,&quot;page_args&quot;:[],&quot;lang&quot;:&quot;en&quot;}}'><\/div>\r\n\t<\/div><div class=\"w-grid-none type_message\">No results found.<\/div><\/div><\/div><\/div><\/div><\/section><section class=\"l-section wpb_row us_custom_e0faab5f vj_section_relative vj_content_single height_medium\"><div class=\"l-section-h i-cf\"><div class=\"g-cols vc_row via_grid cols_2-1 laptops-cols_inherit tablets-cols_inherit mobiles-cols_1 valign_top type_default stacking_default\"><div class=\"wpb_column vc_column_container us_custom_52117f0a\"><div class=\"vc_column-inner\"><div class=\"w-image us_custom_235de6b7 vj_img_absolute_center has_height align_center\"><div class=\"w-image-h\"><img decoding=\"async\" width=\"1024\" height=\"1024\" src=\"https:\/\/viajur.sk\/wp-content\/uploads\/2024\/02\/viajur-logo-leaf.svg\" class=\"attachment-large size-large\" alt=\"\" loading=\"lazy\" title=\"\"><\/div><\/div><div class=\"wpb_text_column us_custom_c270b00c has_text_color\"><div class=\"wpb_wrapper\"><h5>WE ARE HERE FOR YOU<\/h5>\n<\/div><\/div><div class=\"wpb_text_column us_custom_d20f3522 has_text_color\"><div class=\"wpb_wrapper\"><h2>Contact us<\/h2>\n<\/div><\/div><\/div><\/div><div class=\"wpb_column vc_column_container us_custom_66a436fb hide_on_tablets hide_on_mobiles\"><div class=\"vc_column-inner\"><div class=\"w-hwrapper valign_bottom align_right\" style=\"--hwrapper-gap:1.5rem\"><div class=\"w-image us_custom_93205e86 has_height align_none\"><a target=\"_blank\" rel=\"nofollow noopener\" href=\"https:\/\/www.facebook.com\/people\/VIAJUR-en\" aria-label=\"facebook\" class=\"w-image-h\"><img decoding=\"async\" width=\"1024\" height=\"1024\" src=\"https:\/\/viajur.sk\/wp-content\/uploads\/2024\/02\/facebook.svg\" class=\"attachment-large size-large\" alt=\"\" loading=\"lazy\" title=\"\"><\/a><\/div><div class=\"w-image us_custom_93205e86 has_height align_none\"><a target=\"_blank\" rel=\"nofollow noopener\" href=\"https:\/\/www.instagram.com\/viajur_en\" aria-label=\"instagram\" class=\"w-image-h\"><img decoding=\"async\" width=\"1024\" height=\"1024\" src=\"https:\/\/viajur.sk\/wp-content\/uploads\/2024\/02\/instagram.svg\" class=\"attachment-large size-large\" alt=\"\" loading=\"lazy\" title=\"\"><\/a><\/div><div class=\"w-image us_custom_b99cee0e has_height align_none\"><a target=\"_blank\" rel=\"nofollow noopener\" href=\"https:\/\/www.youtube.com\/@viajur3981\" aria-label=\"youtube\" class=\"w-image-h\"><img decoding=\"async\" width=\"1024\" height=\"1024\" src=\"https:\/\/viajur.sk\/wp-content\/uploads\/2024\/02\/youtube.svg\" class=\"attachment-large size-large\" alt=\"\" loading=\"lazy\" title=\"\"><\/a><\/div><\/div><\/div><\/div><\/div><\/div><\/section><section class=\"l-section wpb_row us_custom_1df5cbc4 vj_content_single vj_border_top hide_on_tablets hide_on_mobiles height_medium\"><div class=\"l-section-h i-cf\"><div class=\"g-cols vc_row via_grid cols_4 laptops-cols_inherit tablets-cols_inherit mobiles-cols_1 valign_top type_default stacking_default\" style=\"--columns-gap:2.5rem;\"><div class=\"wpb_column vc_column_container\"><div class=\"vc_column-inner\"><div class=\"wpb_text_column us_custom_3090c82c\"><div class=\"wpb_wrapper\"><h4>Wine Tours<\/h4>\n<\/div><\/div><div class=\"wpb_text_column\"><div class=\"wpb_wrapper\"><p><a href=\"tel:+421905503827\">+421 905 503 827<\/a><br \/>\n<a href=\"mailto:info@viajur.sk\">info@viajur.sk<\/a><\/p>\n<\/div><\/div><div class=\"wpb_text_column us_custom_f4c43f02 vj_link vj_link_dark\"><div class=\"wpb_wrapper\"><h5><a href=\"\/en\/contact\">All contacts<\/a><\/h5>\n<\/div><\/div><\/div><\/div><div class=\"wpb_column vc_column_container\"><div class=\"vc_column-inner\"><div class=\"wpb_text_column us_custom_3090c82c\"><div class=\"wpb_wrapper\"><h4>Orders<\/h4>\n<\/div><\/div><div class=\"wpb_text_column\"><div class=\"wpb_wrapper\"><p><a href=\"tel:+421905503827\">+421 905 503 827<\/a><br \/>\n<a href=\"mailto:objednavky@viajur.sk\">objednavky@viajur.sk<\/a><\/p>\n<\/div><\/div><\/div><\/div><div class=\"wpb_column vc_column_container\"><div class=\"vc_column-inner\"><div class=\"wpb_text_column us_custom_3090c82c\"><div class=\"wpb_wrapper\"><h4>Shop<\/h4>\n<\/div><\/div><div class=\"wpb_text_column\"><div class=\"wpb_wrapper\"><p><a href=\"tel:+421905503827\">+421 905 503 827<\/a><br \/>\n<a href=\"mailto:sales@viajur.sk\">sales@viajur.sk<\/a><\/p>\n<\/div><\/div><\/div><\/div><div class=\"wpb_column vc_column_container\"><div class=\"vc_column-inner\"><div class=\"wpb_text_column us_custom_3090c82c\"><div class=\"wpb_wrapper\"><h4>Events<\/h4>\n<\/div><\/div><div class=\"wpb_text_column\"><div class=\"wpb_wrapper\"><p><a href=\"tel:+421917245716\">+421\u00a0917\u00a0245\u00a0716<\/a><br \/>\n<a href=\"mailto:event@viajur.sk\">event@viajur.sk<\/a><\/p>\n<\/div><\/div><\/div><\/div><\/div><\/div><\/section><section class=\"l-section wpb_row us_custom_421ec89a vj_content_single hide_on_default hide_on_laptops height_medium\"><div class=\"l-section-h i-cf\"><div class=\"g-cols vc_row via_grid cols_1 laptops-cols_inherit tablets-cols_inherit mobiles-cols_1 valign_top type_default stacking_default\" style=\"--columns-gap:2.5rem;\"><div class=\"wpb_column vc_column_container\"><div class=\"vc_column-inner\"><div class=\"w-tabs vj_accordion style_default switch_click accordion\" style=\"--sections-title-size:inherit\"><div class=\"w-tabs-sections titles-align_none icon_plus cpos_right\"><div class=\"w-tabs-section active\" id=\"j214\"><button class=\"w-tabs-section-header active\" aria-controls=\"content-j214\" aria-expanded=\"true\"><h4 class=\"w-tabs-section-title\">Winetours<\/h4><div class=\"w-tabs-section-control\"><\/div><\/button><div  class=\"w-tabs-section-content\" id=\"content-j214\"><div class=\"w-tabs-section-content-h i-cf\"><div class=\"wpb_text_column\"><div class=\"wpb_wrapper\"><p>+421 905 503 827<br \/>\ninfo@viajur.sk<\/p>\n<\/div><\/div><\/div><\/div><\/div><div class=\"w-tabs-section\" id=\"l438\"><button class=\"w-tabs-section-header\" aria-controls=\"content-l438\" aria-expanded=\"false\"><h4 class=\"w-tabs-section-title\">Orders<\/h4><div class=\"w-tabs-section-control\"><\/div><\/button><div  class=\"w-tabs-section-content\" id=\"content-l438\"><div class=\"w-tabs-section-content-h i-cf\"><div class=\"wpb_text_column\"><div class=\"wpb_wrapper\"><p>+421 905 503 827<br \/>\nobjednavky@viajur.sk<\/p>\n<\/div><\/div><\/div><\/div><\/div><div class=\"w-tabs-section\" id=\"y614\"><button class=\"w-tabs-section-header\" aria-controls=\"content-y614\" aria-expanded=\"false\"><h4 class=\"w-tabs-section-title\">Shop<\/h4><div class=\"w-tabs-section-control\"><\/div><\/button><div  class=\"w-tabs-section-content\" id=\"content-y614\"><div class=\"w-tabs-section-content-h i-cf\"><div class=\"wpb_text_column\"><div class=\"wpb_wrapper\"><p>+421 905 503 827<br \/>\nsales@viajur.sk<\/p>\n<\/div><\/div><\/div><\/div><\/div><div class=\"w-tabs-section\" id=\"v805\"><button class=\"w-tabs-section-header\" aria-controls=\"content-v805\" aria-expanded=\"false\"><h4 class=\"w-tabs-section-title\">Events<\/h4><div class=\"w-tabs-section-control\"><\/div><\/button><div  class=\"w-tabs-section-content\" id=\"content-v805\"><div class=\"w-tabs-section-content-h i-cf\"><div class=\"wpb_text_column\"><div class=\"wpb_wrapper\"><p>+421\u00a0917\u00a0245\u00a0716<br \/>\nevent@kastielpalffy.sk<\/p>\n<\/div><\/div><\/div><\/div><\/div><\/div><\/div><div class=\"w-vwrapper us_custom_f797578b align_center valign_top\" style=\"--vwrapper-gap:1.87rem\"><div class=\"w-hwrapper valign_bottom align_right\" style=\"--hwrapper-gap:1.5rem\"><div class=\"w-image us_custom_93205e86 has_height align_none\"><a target=\"_blank\" rel=\"nofollow noopener\" href=\"https:\/\/www.facebook.com\/people\/VIAJUR-en\" aria-label=\"facebook\" class=\"w-image-h\"><img decoding=\"async\" width=\"1024\" height=\"1024\" src=\"https:\/\/viajur.sk\/wp-content\/uploads\/2024\/02\/facebook.svg\" class=\"attachment-large size-large\" alt=\"\" loading=\"lazy\" title=\"\"><\/a><\/div><div class=\"w-image us_custom_93205e86 has_height align_none\"><a target=\"_blank\" rel=\"nofollow noopener\" href=\"https:\/\/www.instagram.com\/viajur_en\" aria-label=\"instagram\" class=\"w-image-h\"><img decoding=\"async\" width=\"1024\" height=\"1024\" src=\"https:\/\/viajur.sk\/wp-content\/uploads\/2024\/02\/instagram.svg\" class=\"attachment-large size-large\" alt=\"\" loading=\"lazy\" title=\"\"><\/a><\/div><div class=\"w-image us_custom_b99cee0e has_height align_none\"><a target=\"_blank\" rel=\"nofollow noopener\" href=\"https:\/\/www.youtube.com\/@viajur3981\" aria-label=\"youtube\" class=\"w-image-h\"><img decoding=\"async\" width=\"1024\" height=\"1024\" src=\"https:\/\/viajur.sk\/wp-content\/uploads\/2024\/02\/youtube.svg\" class=\"attachment-large size-large\" alt=\"\" loading=\"lazy\" title=\"\"><\/a><\/div><\/div><div class=\"wpb_text_column us_custom_e663016b vj_link vj_link_dark has_text_color\"><div class=\"wpb_wrapper\"><h5><a href=\"\/en\/contact\">All contacts<\/a><\/h5>\n<\/div><\/div><\/div><\/div><\/div><\/div><\/div><\/section>\n\n","protected":false},"excerpt":{"rendered":"Photo gallery About usPhoto gallery AllFarn\u00e138Produkty19Sv\u00e4t\u00fd Jur33 No results found.WE ARE HERE FOR YOU Contact us Wine Tours +421 905 503 827 info@viajur.sk All contacts Orders +421 905 503 827 objednavky@viajur.sk Shop +421 905 503 827 sales@viajur.sk Events +421\u00a0917\u00a0245\u00a0716 event@viajur.sk Winetours+421 905 503 827 info@viajur.sk Orders+421 905 503 827 objednavky@viajur.sk Shop+421 905 503 827 sales@viajur.sk...","protected":false},"author":2,"featured_media":0,"parent":0,"menu_order":0,"comment_status":"closed","ping_status":"closed","template":"","meta":{"footnotes":""},"class_list":["post-1306","page","type-page","status-publish","hentry"],"_links":{"self":[{"href":"https:\/\/viajur.sk\/en\/wp-json\/wp\/v2\/pages\/1306","targetHints":{"allow":["GET"]}}],"collection":[{"href":"https:\/\/viajur.sk\/en\/wp-json\/wp\/v2\/pages"}],"about":[{"href":"https:\/\/viajur.sk\/en\/wp-json\/wp\/v2\/types\/page"}],"author":[{"embeddable":true,"href":"https:\/\/viajur.sk\/en\/wp-json\/wp\/v2\/users\/2"}],"replies":[{"embeddable":true,"href":"https:\/\/viajur.sk\/en\/wp-json\/wp\/v2\/comments?post=1306"}],"version-history":[{"count":0,"href":"https:\/\/viajur.sk\/en\/wp-json\/wp\/v2\/pages\/1306\/revisions"}],"wp:attachment":[{"href":"https:\/\/viajur.sk\/en\/wp-json\/wp\/v2\/media?parent=1306"}],"curies":[{"name":"wp","href":"https:\/\/api.w.org\/{rel}","templated":true}]}}