{"id":1307,"date":"2024-02-28T16:02:25","date_gmt":"2024-02-28T16:02:25","guid":{"rendered":"https:\/\/viajur.wpenginepowered.com\/?page_id=1307"},"modified":"2024-03-18T11:33:03","modified_gmt":"2024-03-18T11:33:03","slug":"news","status":"publish","type":"page","link":"https:\/\/viajur.sk\/en\/news\/","title":{"rendered":"News"},"content":{"rendered":"<section class=\"l-section wpb_row us_custom_ad0800d8 height_medium\"><div class=\"l-section-h i-cf\"><div class=\"g-cols vc_row via_grid cols_1 laptops-cols_inherit tablets-cols_inherit mobiles-cols_1 valign_top type_default stacking_default\"><div class=\"wpb_column vc_column_container\"><div class=\"vc_column-inner\"><div class=\"wpb_text_column us_custom_15db3f47 headline headline-fancy has_text_color\"><div class=\"wpb_wrapper\"><h1>News<\/h1>\n<\/div><\/div><\/div><\/div><\/div><\/div><\/section><section class=\"l-section wpb_row us_custom_c0f64b44 vj_news height_medium\"><div class=\"l-section-h i-cf\"><div class=\"g-cols vc_row via_grid cols_1 laptops-cols_inherit tablets-cols_inherit mobiles-cols_1 valign_top type_default stacking_default\"><div class=\"wpb_column vc_column_container\"><div class=\"vc_column-inner\"><div class=\"w-grid us_grid type_grid layout_1173 cols_1 pagination_ajax preload_style_spinner with_css_animation\" id=\"us_grid_1\" style=\"--columns:1;--gap:8.75rem;\" data-filterable=\"true\"><style>.layout_1173 .w-grid-item-h{}.layout_1173 .usg_post_image_1{width:100%!important;height:470px!important}.layout_1173 .usg_vwrapper_1{width:100%!important;max-width:360px!important}.layout_1173 .usg_post_date_1{color:#C1825B!important;margin-bottom:5px!important}.layout_1173 .usg_post_title_1{color:#191717!important;margin-bottom:1.25rem!important}.layout_1173 .usg_post_content_1{color:#443933!important;margin-bottom:1.25rem!important}.layout_1173 .usg_text_1{color:#191717!important}@media (min-width:961px) and (max-width:1200px){.layout_1173 .usg_post_image_1{width:100%!important;height:470px!important}.layout_1173 .usg_vwrapper_1{width:100%!important;max-width:360px!important}}@media (min-width:601px) and (max-width:960px){.layout_1173 .usg_post_image_1{width:100%!important;height:66vw!important}.layout_1173 .usg_vwrapper_1{width:100%!important;max-width:100%!important}}@media (max-width:600px){.layout_1173 .usg_post_image_1{width:100%!important;height:66vw!important}.layout_1173 .usg_vwrapper_1{width:100%!important;max-width:100%!important}}<\/style><div class=\"w-grid-list\">\t<article class=\"w-grid-item us_animate_afb size_1x1 post-2833 post type-post status-publish format-standard has-post-thumbnail hentry category-uncategorized-sk\" data-id=\"2833\">\r\n\t\t<div class=\"w-grid-item-h\">\r\n\t\t\t\t\t\t<div class=\"w-hwrapper usg_hwrapper_1 vj_news_item align_none valign_top\"><div class=\"w-post-elm post_image usg_post_image_1 vj_img_contain_center has_width has_height has_ratio\"><a href=\"https:\/\/viajur.sk\/en\/livets-goda-svedsko-viajur-ako-skryty-klenot-slovenska\/\" aria-label=\"Livets Goda (\u0160v\u00e9dsko): VIAJUR ako \u201eskryt\u00fd klenot Slovenska\u201c\"><img loading=\"lazy\" decoding=\"async\" width=\"793\" height=\"1024\" src=\"https:\/\/viajur.sk\/wp-content\/uploads\/2025\/11\/img_1763630224663343-793x1024.jpeg\" class=\"attachment-large size-large wp-post-image\" alt=\"\" title=\"\"><\/a><div style=\"padding-bottom:100%\"><\/div><\/div><div class=\"w-vwrapper usg_vwrapper_1 clickbox align_none valign_middle\" style=\"--vwrapper-gap:0rem\"><time class=\"w-post-elm post_date usg_post_date_1 subtitle subtitle-13 has_text_color entry-date published\" datetime=\"2025-11-21T13:21:47+00:00\">21.11.2025<\/time><h3 class=\"w-post-elm post_title usg_post_title_1 has_text_color entry-title color_link_inherit\"><a href=\"https:\/\/viajur.sk\/en\/livets-goda-svedsko-viajur-ako-skryty-klenot-slovenska\/\">Livets Goda (\u0160v\u00e9dsko): VIAJUR ako \u201eskryt\u00fd klenot Slovenska\u201c<\/a><\/h3><p class=\"w-text usg_text_1 subtitle subtitle-13 vj_link vj_link_dark has_text_color\"><span class=\"w-text-h\"><span class=\"w-text-value\">Cel\u00fd \u010dl\u00e1nok<\/span><\/span><\/p><\/div><\/div>\t\t<\/div>\r\n\t\t\t<\/article>\r\n\t<article class=\"w-grid-item us_animate_afb size_1x1 post-2752 post type-post status-publish format-standard has-post-thumbnail hentry category-uncategorized-sk\" data-id=\"2752\">\r\n\t\t<div class=\"w-grid-item-h\">\r\n\t\t\t\t\t\t<div class=\"w-hwrapper usg_hwrapper_1 vj_news_item align_none valign_top\"><div class=\"w-post-elm post_image usg_post_image_1 vj_img_contain_center has_width has_height has_ratio\"><a href=\"https:\/\/viajur.sk\/en\/den-otvorenych-dveri\/\" aria-label=\"De\u0148 otvoren\u00fdch dver\u00ed\"><img loading=\"lazy\" decoding=\"async\" width=\"1024\" height=\"1024\" src=\"https:\/\/viajur.sk\/wp-content\/uploads\/2025\/09\/1200x1200-copy-2-1024x1024.jpg\" class=\"attachment-large size-large wp-post-image\" alt=\"\" title=\"\"><\/a><div style=\"padding-bottom:100%\"><\/div><\/div><div class=\"w-vwrapper usg_vwrapper_1 clickbox align_none valign_middle\" style=\"--vwrapper-gap:0rem\"><time class=\"w-post-elm post_date usg_post_date_1 subtitle subtitle-13 has_text_color entry-date published\" datetime=\"2025-09-02T08:06:22+00:00\">02.09.2025<\/time><h3 class=\"w-post-elm post_title usg_post_title_1 has_text_color entry-title color_link_inherit\"><a href=\"https:\/\/viajur.sk\/en\/den-otvorenych-dveri\/\">De\u0148 otvoren\u00fdch dver\u00ed<\/a><\/h3><p class=\"w-text usg_text_1 subtitle subtitle-13 vj_link vj_link_dark has_text_color\"><span class=\"w-text-h\"><span class=\"w-text-value\">Cel\u00fd \u010dl\u00e1nok<\/span><\/span><\/p><\/div><\/div>\t\t<\/div>\r\n\t\t\t<\/article>\r\n\t<article class=\"w-grid-item us_animate_afb size_1x1 post-2663 post type-post status-publish format-standard has-post-thumbnail hentry category-uncategorized-sk\" data-id=\"2663\">\r\n\t\t<div class=\"w-grid-item-h\">\r\n\t\t\t\t\t\t<div class=\"w-hwrapper usg_hwrapper_1 vj_news_item align_none valign_top\"><div class=\"w-post-elm post_image usg_post_image_1 vj_img_contain_center has_width has_height has_ratio\"><a href=\"https:\/\/viajur.sk\/en\/na-vinalies-internationales-paris-2025-triumfovali-aj-nase-ikony\/\" aria-label=\"Na Vinalies Internationales Paris 2025 triumfovali aj na\u0161e ikony\"><img loading=\"lazy\" decoding=\"async\" width=\"1024\" height=\"683\" src=\"https:\/\/viajur.sk\/wp-content\/uploads\/2025\/03\/vinalies_zlate_vina_2025_webka-1-1024x683.jpg\" class=\"attachment-large size-large wp-post-image\" alt=\"\" title=\"\"><\/a><div style=\"padding-bottom:100%\"><\/div><\/div><div class=\"w-vwrapper usg_vwrapper_1 clickbox align_none valign_middle\" style=\"--vwrapper-gap:0rem\"><time class=\"w-post-elm post_date usg_post_date_1 subtitle subtitle-13 has_text_color entry-date published\" datetime=\"2025-03-21T08:46:12+00:00\">21.03.2025<\/time><h3 class=\"w-post-elm post_title usg_post_title_1 has_text_color entry-title color_link_inherit\"><a href=\"https:\/\/viajur.sk\/en\/na-vinalies-internationales-paris-2025-triumfovali-aj-nase-ikony\/\">Na Vinalies Internationales Paris 2025 triumfovali aj na\u0161e ikony<\/a><\/h3><p class=\"w-text usg_text_1 subtitle subtitle-13 vj_link vj_link_dark has_text_color\"><span class=\"w-text-h\"><span class=\"w-text-value\">Cel\u00fd \u010dl\u00e1nok<\/span><\/span><\/p><\/div><\/div>\t\t<\/div>\r\n\t\t\t<\/article>\r\n\t<article class=\"w-grid-item us_animate_afb size_1x1 post-2563 post type-post status-publish format-standard has-post-thumbnail hentry category-uncategorized-sk\" data-id=\"2563\">\r\n\t\t<div class=\"w-grid-item-h\">\r\n\t\t\t\t\t\t<div class=\"w-hwrapper usg_hwrapper_1 vj_news_item align_none valign_top\"><div class=\"w-post-elm post_image usg_post_image_1 vj_img_contain_center has_width has_height has_ratio\"><a href=\"https:\/\/viajur.sk\/en\/viajur-sa-v-londyne-odprezentovalo-na-viacerych-frontoch\/\" aria-label=\"VIAJUR sa v Lond\u00fdne odprezentovalo na viacer\u00fdch frontoch\"><img loading=\"lazy\" decoding=\"async\" width=\"1024\" height=\"684\" src=\"https:\/\/viajur.sk\/wp-content\/uploads\/2024\/07\/fotohrdlicka-7621-1024x684.jpg\" class=\"attachment-large size-large wp-post-image\" alt=\"\" title=\"\"><\/a><div style=\"padding-bottom:100%\"><\/div><\/div><div class=\"w-vwrapper usg_vwrapper_1 clickbox align_none valign_middle\" style=\"--vwrapper-gap:0rem\"><time class=\"w-post-elm post_date usg_post_date_1 subtitle subtitle-13 has_text_color entry-date published\" datetime=\"2024-07-10T11:05:26+00:00\">10.07.2024<\/time><h3 class=\"w-post-elm post_title usg_post_title_1 has_text_color entry-title color_link_inherit\"><a href=\"https:\/\/viajur.sk\/en\/viajur-sa-v-londyne-odprezentovalo-na-viacerych-frontoch\/\">VIAJUR sa v Lond\u00fdne odprezentovalo na viacer\u00fdch frontoch<\/a><\/h3><p class=\"w-text usg_text_1 subtitle subtitle-13 vj_link vj_link_dark has_text_color\"><span class=\"w-text-h\"><span class=\"w-text-value\">Cel\u00fd \u010dl\u00e1nok<\/span><\/span><\/p><\/div><\/div>\t\t<\/div>\r\n\t\t\t<\/article>\r\n<\/div>\t<div class=\"w-grid-preloader\">\r\n\t\t<div class=\"g-preloader type_1\">\r\n\t\t\t<div><\/div>\r\n\t\t<\/div>\r\n\t<\/div>\r\n\t\t\t\t<div class=\"g-loadmore \">\r\n\t\t\t\t<div class=\"g-preloader type_1\">\r\n\t\t\t\t\t<div><\/div>\r\n\t\t\t\t<\/div>\r\n\t\t\t\t<button class=\"w-btn us-btn-style_4\">\r\n\t\t\t\t\t<span class=\"w-btn-label\">Zobrazi\u0165 \u010fal\u0161ie \u010dl\u00e1nky<\/span>\r\n\t\t\t\t<\/button>\r\n\t\t\t<\/div>\r\n\t\t\t\t<div class=\"w-grid-json hidden\" onclick='return {&quot;action&quot;:&quot;us_ajax_grid&quot;,&quot;infinite_scroll&quot;:0,&quot;max_num_pages&quot;:3,&quot;pagination&quot;:&quot;ajax&quot;,&quot;template_vars&quot;:{&quot;columns&quot;:&quot;1&quot;,&quot;exclude_items&quot;:&quot;none&quot;,&quot;img_size&quot;:&quot;default&quot;,&quot;ignore_items_size&quot;:0,&quot;items_layout&quot;:&quot;1173&quot;,&quot;items_offset&quot;:&quot;1&quot;,&quot;load_animation&quot;:&quot;afb&quot;,&quot;overriding_link&quot;:&quot;%7B%22url%22%3A%22%22%7D&quot;,&quot;post_id&quot;:0,&quot;query_args&quot;:{&quot;post_type&quot;:[&quot;post&quot;],&quot;post_status&quot;:[&quot;publish&quot;],&quot;posts_per_page&quot;:&quot;4&quot;},&quot;orderby_query_args&quot;:{&quot;orderby&quot;:{&quot;date&quot;:&quot;DESC&quot;}},&quot;type&quot;:&quot;grid&quot;,&quot;us_grid_post_type&quot;:&quot;post&quot;,&quot;us_grid_ajax_index&quot;:1,&quot;us_grid_filter_query_string&quot;:null,&quot;us_grid_index&quot;:1,&quot;page_args&quot;:[],&quot;lang&quot;:&quot;en&quot;}}'><\/div>\r\n\t<\/div><\/div><\/div><\/div><\/div><\/section>\n","protected":false},"excerpt":{"rendered":"10.07.2024VIAJUR sa v Lond\u00fdne odprezentovalo na viacer\u00fdch frontoch Popri ve\u013etrhu The Ultimate CEE Wine Fair sme sa s na\u0161im vin\u00e1rstvom VIAJUR stihli z\u00fa\u010dastni\u0165 aj druhej akcie venovanej v\u00ednu. Na tej sme odprezentovali n\u00e1\u0161 Dunaj Ros\u00e9, ktor\u00fd vznikol v spolupr\u00e1ci s Master of Wine Elizabeth Gabay, ktor\u00e1 akciu aj zastre\u0161ovala. V\u00fdberov\u00e1 degust\u00e1cia Fine Ros\u00e9 Day bola,...","protected":false},"author":2,"featured_media":0,"parent":0,"menu_order":0,"comment_status":"closed","ping_status":"closed","template":"","meta":{"footnotes":""},"class_list":["post-1307","page","type-page","status-publish","hentry"],"_links":{"self":[{"href":"https:\/\/viajur.sk\/en\/wp-json\/wp\/v2\/pages\/1307","targetHints":{"allow":["GET"]}}],"collection":[{"href":"https:\/\/viajur.sk\/en\/wp-json\/wp\/v2\/pages"}],"about":[{"href":"https:\/\/viajur.sk\/en\/wp-json\/wp\/v2\/types\/page"}],"author":[{"embeddable":true,"href":"https:\/\/viajur.sk\/en\/wp-json\/wp\/v2\/users\/2"}],"replies":[{"embeddable":true,"href":"https:\/\/viajur.sk\/en\/wp-json\/wp\/v2\/comments?post=1307"}],"version-history":[{"count":0,"href":"https:\/\/viajur.sk\/en\/wp-json\/wp\/v2\/pages\/1307\/revisions"}],"wp:attachment":[{"href":"https:\/\/viajur.sk\/en\/wp-json\/wp\/v2\/media?parent=1307"}],"curies":[{"name":"wp","href":"https:\/\/api.w.org\/{rel}","templated":true}]}}