{"id":1823,"date":"2024-03-08T12:52:50","date_gmt":"2024-03-08T12:52:50","guid":{"rendered":"https:\/\/viajur.sk\/?page_id=1823"},"modified":"2024-05-22T08:35:46","modified_gmt":"2024-05-22T08:35:46","slug":"cans-of-wine","status":"publish","type":"page","link":"https:\/\/viajur.sk\/en\/wines\/cans-of-wine\/","title":{"rendered":"Cans of wine"},"content":{"rendered":"<section class=\"l-section wpb_row us_custom_896cfa17 vj_header_hero height_medium with_img\"><div class=\"l-section-img\" role=\"img\" aria-label=\"Image\" data-img-width=\"800\" data-img-height=\"533\" style=\"background-image: url(https:\/\/viajur.sk\/wp-content\/uploads\/2024\/02\/viajur-vina-prehliadka.jpg);background-repeat: no-repeat;\"><\/div><div class=\"l-section-overlay\" style=\"background:linear-gradient(113.88deg, rgba(79, 66, 59, 0.5) 0%, rgba(198, 139, 102, 0.5) 100%)\"><\/div><div class=\"l-section-h i-cf\"><div class=\"g-cols vc_row via_grid cols_1 laptops-cols_inherit tablets-cols_inherit mobiles-cols_1 valign_top type_default stacking_default\"><div class=\"wpb_column vc_column_container\"><div class=\"vc_column-inner\"><div class=\"wpb_text_column us_custom_eb849559\"><div class=\"wpb_wrapper\"><h1>Cans of wine<\/h1>\n<\/div><\/div><\/div><\/div><\/div><\/div><\/section><section class=\"l-section wpb_row us_custom_d1bc5a04 vj_sticky_menu height_medium type_sticky\"><div class=\"l-section-h i-cf\"><div class=\"g-cols vc_row via_grid cols_1 laptops-cols_inherit tablets-cols_inherit mobiles-cols_1 valign_top type_default stacking_default\"><div class=\"wpb_column vc_column_container\"><div class=\"vc_column-inner\"><nav class=\"w-menu us_custom_5d178e00 layout_hor style_blocks us_menu_1\" style=\"--main-gap:3.75rem;--main-ver-indent:2rem;--main-bg-color:#DAD1C8;--main-color:#191717;--main-hover-bg-color:#DAD1C8;--main-hover-color:#191717;--main-active-bg-color:#DAD1C8;--main-active-color:#191717;\"><ul id=\"menu-menu-wines-en\" class=\"menu\"><li id=\"menu-item-1361\" class=\"menu-item menu-item-type-post_type menu-item-object-page menu-item-1361\"><a href=\"https:\/\/viajur.sk\/en\/wines\/\">Overview<\/a><\/li><li id=\"menu-item-1362\" class=\"menu-item menu-item-type-post_type menu-item-object-page menu-item-1362\"><a href=\"https:\/\/viajur.sk\/en\/wines\/classic\/\">Classic<\/a><\/li><li id=\"menu-item-1363\" class=\"menu-item menu-item-type-post_type menu-item-object-page menu-item-1363\"><a href=\"https:\/\/viajur.sk\/en\/wines\/pro-rege-et-patria\/\">Pro rege et patria<\/a><\/li><li id=\"menu-item-1364\" class=\"menu-item menu-item-type-post_type menu-item-object-page menu-item-1364\"><a href=\"https:\/\/viajur.sk\/en\/wines\/ars-in-vino\/\">Ars in vino<\/a><\/li><li id=\"menu-item-1365\" class=\"menu-item menu-item-type-post_type menu-item-object-page menu-item-1365\"><a href=\"https:\/\/viajur.sk\/en\/wines\/sparkling-wines\/\">Sparkling wines<\/a><\/li><li id=\"menu-item-1832\" class=\"menu-item menu-item-type-post_type menu-item-object-page menu-item-1832\"><a href=\"https:\/\/viajur.sk\/en\/wines\/cans-of-wine\/\">Cans of wine<\/a><\/li><\/ul><style>@media ( max-width:10px ){.us_menu_1 .menu{display:block!important}.us_menu_1 .menu>li{margin:0 0 var(--main-gap,3.75rem)!important}}<\/style><\/nav><\/div><\/div><\/div><\/div><\/section>\n<section class=\"l-section wpb_row us_custom_6e3ae7e1 height_medium\"><div class=\"l-section-h i-cf\"><div class=\"g-cols vc_row via_grid cols_1 laptops-cols_inherit tablets-cols_inherit mobiles-cols_1 valign_top type_default stacking_default\"><div class=\"wpb_column vc_column_container\"><div class=\"vc_column-inner\"><div class=\"wpb_text_column us_custom_05eee780 subtitle subtitle-13 has_text_color\"><div class=\"wpb_wrapper\"><p>Cans of wine<\/p>\n<\/div><\/div><div class=\"wpb_text_column us_custom_97a40a47\"><div class=\"wpb_wrapper\"><h2>Wine doesn&#8217;t have to be all classics and tradition, which is why it approaches current trends with an open mind. Cans of wine are modern and practical.<\/h2>\n<\/div><\/div><div class=\"w-btn-wrapper align_center\"><a class=\"w-btn us-btn-style_5 us_custom_45fc385b icon_atright\" href=\"https:\/\/www.youtube.com\/watch?v=gEFFyR3NPt4\" target=\"_blank\" rel=\"noopener\"><span class=\"w-btn-label\">Watch video<\/span><i class=\"material-icons\">arrow_outward<\/i><\/a><\/div><form class=\"w-filter for_grid state_desktop us-field-style_1 us_custom_ffdaec03 vj_grid_filter layout_hor items_1 mod_side style_switch_default align_center drop_on_hover hide_item_title hide_disabled_values\" action onsubmit=\"return false;\" onclick='return {&quot;filterPrefix&quot;:&quot;filter&quot;,&quot;hideDisabledValues&quot;:true,&quot;layout&quot;:&quot;hor&quot;,&quot;mobileWidth&quot;:0,&quot;use_grid&quot;:&quot;first&quot;,&quot;gridNotFoundMessage&quot;:&quot;Nothing to filter. Add a suitable Grid to this page.&quot;}'><div class=\"w-filter-list\"><div class=\"w-filter-item type_radio\" data-source=\"tax|vintage\"><button class=\"w-filter-item-title\">Vintage<span><\/span><\/button><a class=\"w-filter-item-reset\" href=\"#\" title=\"Reset\"><span>Reset<\/span><\/a><div class=\"w-filter-item-content\"><div class=\"w-filter-item-values\" data-maxheight=\"40vh\" style=\"max-height:40vh\"><div class=\"w-filter-item-value selected\"><label><input type=\"radio\" value=\"*\" name=\"filter_vintage\" checked='checked'><span class=\"w-filter-item-value-label\">All<\/span><\/label><\/div><div class=\"w-filter-item-value\" data-item-amount=\"5\"><label><input type=\"radio\" value=\"2020\" name=\"filter_vintage\"><span class=\"w-filter-item-value-label\">2020<\/span><\/label><\/div><div class=\"w-filter-item-value\" data-item-amount=\"17\"><label><input type=\"radio\" value=\"2021\" name=\"filter_vintage\"><span class=\"w-filter-item-value-label\">2021<\/span><\/label><\/div><div class=\"w-filter-item-value\" data-item-amount=\"29\"><label><input type=\"radio\" value=\"2022\" name=\"filter_vintage\"><span class=\"w-filter-item-value-label\">2022<\/span><\/label><\/div><div class=\"w-filter-item-value\" data-item-amount=\"16\"><label><input type=\"radio\" value=\"2023\" name=\"filter_vintage\"><span class=\"w-filter-item-value-label\">2023<\/span><\/label><\/div><div class=\"w-filter-item-value\" data-item-amount=\"4\"><label><input type=\"radio\" value=\"2024\" name=\"filter_vintage\"><span class=\"w-filter-item-value-label\">2024<\/span><\/label><\/div><div class=\"w-filter-item-value\" data-item-amount=\"5\"><label><input type=\"radio\" value=\"2025\" name=\"filter_vintage\"><span class=\"w-filter-item-value-label\">2025<\/span><\/label><\/div><\/div><\/div><\/div><\/div><div class=\"w-filter-json-filters-args hidden\" onclick='return {&quot;taxonomies_query_args&quot;:{&quot;tax|vintage&quot;:{&quot;2020&quot;:{&quot;fields&quot;:&quot;ids&quot;,&quot;nopaging&quot;:true,&quot;post_status&quot;:[&quot;publish&quot;,&quot;inherit&quot;],&quot;post_type&quot;:[],&quot;posts_per_page&quot;:1,&quot;suppress_filters&quot;:true,&quot;tax_query&quot;:[{&quot;taxonomy&quot;:&quot;vintage&quot;,&quot;field&quot;:&quot;slug&quot;,&quot;terms&quot;:&quot;2020&quot;}]},&quot;2021&quot;:{&quot;fields&quot;:&quot;ids&quot;,&quot;nopaging&quot;:true,&quot;post_status&quot;:[&quot;publish&quot;,&quot;inherit&quot;],&quot;post_type&quot;:[],&quot;posts_per_page&quot;:1,&quot;suppress_filters&quot;:true,&quot;tax_query&quot;:[{&quot;taxonomy&quot;:&quot;vintage&quot;,&quot;field&quot;:&quot;slug&quot;,&quot;terms&quot;:&quot;2021&quot;}]},&quot;2022&quot;:{&quot;fields&quot;:&quot;ids&quot;,&quot;nopaging&quot;:true,&quot;post_status&quot;:[&quot;publish&quot;,&quot;inherit&quot;],&quot;post_type&quot;:[],&quot;posts_per_page&quot;:1,&quot;suppress_filters&quot;:true,&quot;tax_query&quot;:[{&quot;taxonomy&quot;:&quot;vintage&quot;,&quot;field&quot;:&quot;slug&quot;,&quot;terms&quot;:&quot;2022&quot;}]},&quot;2023&quot;:{&quot;fields&quot;:&quot;ids&quot;,&quot;nopaging&quot;:true,&quot;post_status&quot;:[&quot;publish&quot;,&quot;inherit&quot;],&quot;post_type&quot;:[],&quot;posts_per_page&quot;:1,&quot;suppress_filters&quot;:true,&quot;tax_query&quot;:[{&quot;taxonomy&quot;:&quot;vintage&quot;,&quot;field&quot;:&quot;slug&quot;,&quot;terms&quot;:&quot;2023&quot;}]},&quot;2024&quot;:{&quot;fields&quot;:&quot;ids&quot;,&quot;nopaging&quot;:true,&quot;post_status&quot;:[&quot;publish&quot;,&quot;inherit&quot;],&quot;post_type&quot;:[],&quot;posts_per_page&quot;:1,&quot;suppress_filters&quot;:true,&quot;tax_query&quot;:[{&quot;taxonomy&quot;:&quot;vintage&quot;,&quot;field&quot;:&quot;slug&quot;,&quot;terms&quot;:&quot;2024&quot;}]},&quot;2025&quot;:{&quot;fields&quot;:&quot;ids&quot;,&quot;nopaging&quot;:true,&quot;post_status&quot;:[&quot;publish&quot;,&quot;inherit&quot;],&quot;post_type&quot;:[],&quot;posts_per_page&quot;:1,&quot;suppress_filters&quot;:true,&quot;tax_query&quot;:[{&quot;taxonomy&quot;:&quot;vintage&quot;,&quot;field&quot;:&quot;slug&quot;,&quot;terms&quot;:&quot;2025&quot;}]}}}}'><\/div><\/form><div class=\"w-grid us_grid us_custom_1cdd5b8d vj_grid_wines type_grid layout_559 cols_3 preload_style_spinner\" id=\"us_grid_1\" style=\"--columns:3;--gap:1.25rem;\" data-filterable=\"true\"><style>@media (max-width:960px){#us_grid_1{--columns:2!important}}@media (max-width:600px){#us_grid_1{--columns:1!important}}.layout_559 .w-grid-item-h{}.layout_559 .usg_vwrapper_1{width:100%!important;max-width:360px!important;margin-left:auto!important;margin-right:auto!important}.layout_559 .usg_post_image_1{width:100%!important;height:448px!important;margin-bottom:2rem!important}.layout_559 .usg_post_custom_field_1{color:#C1825B!important;text-align:center!important}.layout_559 .usg_post_title_1{color:#191717!important;text-align:center!important}.layout_559 .usg_text_1{width:123px!important;margin-left:auto!important;margin-top:auto!important;margin-right:auto!important}<\/style><div class=\"w-grid-list\">\t<article class=\"w-grid-item size_1x1 post-2194 wines type-wines status-publish has-post-thumbnail hentry category-cans-of-wine vintage-65\" data-id=\"2194\">\r\n\t\t<div class=\"w-grid-item-h\">\r\n\t\t\t\t\t\t<div class=\"w-vwrapper usg_vwrapper_1 clickbox align_center valign_top\" style=\"--vwrapper-gap:10px\"><div class=\"w-post-elm post_image usg_post_image_1 vj_img_contain has_width has_height\"><a href=\"https:\/\/viajur.sk\/en\/wine\/cans-of-wine\/cabernet-sauvignon-rose-2022\/\" aria-label=\"Cabernet Sauvignon Ros\u00e9 2022\"><img loading=\"lazy\" decoding=\"async\" width=\"343\" height=\"860\" src=\"https:\/\/viajur.sk\/wp-content\/uploads\/2024\/04\/Viajur-CS-rose-2022-plechovka-1.png\" class=\"attachment-large size-large wp-post-image\" alt=\"\" srcset=\"https:\/\/viajur.sk\/wp-content\/uploads\/2024\/04\/Viajur-CS-rose-2022-plechovka-1.png 343w, https:\/\/viajur.sk\/wp-content\/uploads\/2024\/04\/Viajur-CS-rose-2022-plechovka-1-120x300.png 120w\" sizes=\"auto, (max-width: 343px) 100vw, 343px\" title=\"\"><\/a><\/div><p class=\"w-post-elm post_custom_field usg_post_custom_field_1 subtitle subtitle-13 has_text_color type_text _description color_link_inherit\"><span class=\"w-post-elm-value\">pink, semi-dry, 2022<\/span><\/p><h4 class=\"w-post-elm post_title usg_post_title_1 has_text_color align_center entry-title color_link_inherit\"><a href=\"https:\/\/viajur.sk\/en\/wine\/cans-of-wine\/cabernet-sauvignon-rose-2022\/\">Cabernet Sauvignon Ros\u00e9 2022<\/a><\/h4><p class=\"w-text usg_text_1 vj_link vj_link_dark subtitle subtitle-13\"><span class=\"w-text-h\"><span class=\"w-text-value\">detail<\/span><\/span><\/p><\/div>\t\t<\/div>\r\n\t\t\t<\/article>\r\n\t<article class=\"w-grid-item size_1x1 post-1824 wines type-wines status-publish has-post-thumbnail hentry category-cans-of-wine\" data-id=\"1824\">\r\n\t\t<div class=\"w-grid-item-h\">\r\n\t\t\t\t\t\t<div class=\"w-vwrapper usg_vwrapper_1 clickbox align_center valign_top\" style=\"--vwrapper-gap:10px\"><div class=\"w-post-elm post_image usg_post_image_1 vj_img_contain has_width has_height\"><a href=\"https:\/\/viajur.sk\/en\/wine\/cans-of-wine\/hey-you-bubbles-extra-dry\/\" aria-label=\"Hey You Bubbles Extra Dry\"><img loading=\"lazy\" decoding=\"async\" width=\"248\" height=\"650\" src=\"https:\/\/viajur.sk\/wp-content\/uploads\/2024\/03\/viajur-hyb-biele-1.png\" class=\"attachment-large size-large wp-post-image\" alt=\"\" srcset=\"https:\/\/viajur.sk\/wp-content\/uploads\/2024\/03\/viajur-hyb-biele-1.png 248w, https:\/\/viajur.sk\/wp-content\/uploads\/2024\/03\/viajur-hyb-biele-1-114x300.png 114w\" sizes=\"auto, (max-width: 248px) 100vw, 248px\" title=\"\"><\/a><\/div><p class=\"w-post-elm post_custom_field usg_post_custom_field_1 subtitle subtitle-13 has_text_color type_text _description color_link_inherit\"><span class=\"w-post-elm-value\">white, semi-dry, 2020<\/span><\/p><h4 class=\"w-post-elm post_title usg_post_title_1 has_text_color align_center entry-title color_link_inherit\"><a href=\"https:\/\/viajur.sk\/en\/wine\/cans-of-wine\/hey-you-bubbles-extra-dry\/\">Hey You Bubbles Extra Dry<\/a><\/h4><p class=\"w-text usg_text_1 vj_link vj_link_dark subtitle subtitle-13\"><span class=\"w-text-h\"><span class=\"w-text-value\">detail<\/span><\/span><\/p><\/div>\t\t<\/div>\r\n\t\t\t<\/article>\r\n\t<article class=\"w-grid-item size_1x1 post-1825 wines type-wines status-publish has-post-thumbnail hentry category-cans-of-wine\" data-id=\"1825\">\r\n\t\t<div class=\"w-grid-item-h\">\r\n\t\t\t\t\t\t<div class=\"w-vwrapper usg_vwrapper_1 clickbox align_center valign_top\" style=\"--vwrapper-gap:10px\"><div class=\"w-post-elm post_image usg_post_image_1 vj_img_contain has_width has_height\"><a href=\"https:\/\/viajur.sk\/en\/wine\/cans-of-wine\/hey-you-bubbles-rose-extra-dry\/\" aria-label=\"Hey You Bubbles Ros\u00e9 Extra Dry\"><img loading=\"lazy\" decoding=\"async\" width=\"250\" height=\"650\" src=\"https:\/\/viajur.sk\/wp-content\/uploads\/2024\/03\/viajur-hyb-ruzove-1.png\" class=\"attachment-large size-large wp-post-image\" alt=\"\" srcset=\"https:\/\/viajur.sk\/wp-content\/uploads\/2024\/03\/viajur-hyb-ruzove-1.png 250w, https:\/\/viajur.sk\/wp-content\/uploads\/2024\/03\/viajur-hyb-ruzove-1-115x300.png 115w\" sizes=\"auto, (max-width: 250px) 100vw, 250px\" title=\"\"><\/a><\/div><p class=\"w-post-elm post_custom_field usg_post_custom_field_1 subtitle subtitle-13 has_text_color type_text _description color_link_inherit\"><span class=\"w-post-elm-value\">rose, semi-dry, 2020<\/span><\/p><h4 class=\"w-post-elm post_title usg_post_title_1 has_text_color align_center entry-title color_link_inherit\"><a href=\"https:\/\/viajur.sk\/en\/wine\/cans-of-wine\/hey-you-bubbles-rose-extra-dry\/\">Hey You Bubbles Ros\u00e9 Extra Dry<\/a><\/h4><p class=\"w-text usg_text_1 vj_link vj_link_dark subtitle subtitle-13\"><span class=\"w-text-h\"><span class=\"w-text-value\">detail<\/span><\/span><\/p><\/div>\t\t<\/div>\r\n\t\t\t<\/article>\r\n\t<article class=\"w-grid-item size_1x1 post-1827 wines type-wines status-publish has-post-thumbnail hentry category-cans-of-wine vintage-65\" data-id=\"1827\">\r\n\t\t<div class=\"w-grid-item-h\">\r\n\t\t\t\t\t\t<div class=\"w-vwrapper usg_vwrapper_1 clickbox align_center valign_top\" style=\"--vwrapper-gap:10px\"><div class=\"w-post-elm post_image usg_post_image_1 vj_img_contain has_width has_height\"><a href=\"https:\/\/viajur.sk\/en\/wine\/cans-of-wine\/sauvignon-blanc-2022\/\" aria-label=\"Sauvignon blanc 2022\"><img loading=\"lazy\" decoding=\"async\" width=\"260\" height=\"650\" src=\"https:\/\/viajur.sk\/wp-content\/uploads\/2024\/03\/Viajur-SB-2022-plechovka-1.png\" class=\"attachment-large size-large wp-post-image\" alt=\"\" srcset=\"https:\/\/viajur.sk\/wp-content\/uploads\/2024\/03\/Viajur-SB-2022-plechovka-1.png 260w, https:\/\/viajur.sk\/wp-content\/uploads\/2024\/03\/Viajur-SB-2022-plechovka-1-120x300.png 120w\" sizes=\"auto, (max-width: 260px) 100vw, 260px\" title=\"\"><\/a><\/div><p class=\"w-post-elm post_custom_field usg_post_custom_field_1 subtitle subtitle-13 has_text_color type_text _description color_link_inherit\"><span class=\"w-post-elm-value\">white, dry, 2022<\/span><\/p><h4 class=\"w-post-elm post_title usg_post_title_1 has_text_color align_center entry-title color_link_inherit\"><a href=\"https:\/\/viajur.sk\/en\/wine\/cans-of-wine\/sauvignon-blanc-2022\/\">Sauvignon blanc 2022<\/a><\/h4><p class=\"w-text usg_text_1 vj_link vj_link_dark subtitle subtitle-13\"><span class=\"w-text-h\"><span class=\"w-text-value\">detail<\/span><\/span><\/p><\/div>\t\t<\/div>\r\n\t\t\t<\/article>\r\n\t<article class=\"w-grid-item size_1x1 post-1826 wines type-wines status-publish has-post-thumbnail hentry category-cans-of-wine vintage-63\" data-id=\"1826\">\r\n\t\t<div class=\"w-grid-item-h\">\r\n\t\t\t\t\t\t<div class=\"w-vwrapper usg_vwrapper_1 clickbox align_center valign_top\" style=\"--vwrapper-gap:10px\"><div class=\"w-post-elm post_image usg_post_image_1 vj_img_contain has_width has_height\"><a href=\"https:\/\/viajur.sk\/en\/wine\/cans-of-wine\/dunaj-2020\/\" aria-label=\"Dunaj 2020\"><img loading=\"lazy\" decoding=\"async\" width=\"264\" height=\"650\" src=\"https:\/\/viajur.sk\/wp-content\/uploads\/2024\/03\/dunaj-viajur-plechovka.png\" class=\"attachment-large size-large wp-post-image\" alt=\"\" srcset=\"https:\/\/viajur.sk\/wp-content\/uploads\/2024\/03\/dunaj-viajur-plechovka.png 264w, https:\/\/viajur.sk\/wp-content\/uploads\/2024\/03\/dunaj-viajur-plechovka-122x300.png 122w\" sizes=\"auto, (max-width: 264px) 100vw, 264px\" title=\"\"><\/a><\/div><p class=\"w-post-elm post_custom_field usg_post_custom_field_1 subtitle subtitle-13 has_text_color type_text _description color_link_inherit\"><span class=\"w-post-elm-value\">red, dry, 2022<\/span><\/p><h4 class=\"w-post-elm post_title usg_post_title_1 has_text_color align_center entry-title color_link_inherit\"><a href=\"https:\/\/viajur.sk\/en\/wine\/cans-of-wine\/dunaj-2020\/\">Dunaj 2020<\/a><\/h4><p class=\"w-text usg_text_1 vj_link vj_link_dark subtitle subtitle-13\"><span class=\"w-text-h\"><span class=\"w-text-value\">detail<\/span><\/span><\/p><\/div>\t\t<\/div>\r\n\t\t\t<\/article>\r\n\t<article class=\"w-grid-item size_1x1 post-1828 wines type-wines status-publish has-post-thumbnail hentry category-cans-of-wine vintage-65\" data-id=\"1828\">\r\n\t\t<div class=\"w-grid-item-h\">\r\n\t\t\t\t\t\t<div class=\"w-vwrapper usg_vwrapper_1 clickbox align_center valign_top\" style=\"--vwrapper-gap:10px\"><div class=\"w-post-elm post_image usg_post_image_1 vj_img_contain has_width has_height\"><a href=\"https:\/\/viajur.sk\/en\/wine\/cans-of-wine\/dunaj-rose-2022-by-elizabeth-gabay\/\" aria-label=\"Dunaj Ros\u00e9 2022 by Elizabeth Gabay\"><img loading=\"lazy\" decoding=\"async\" width=\"264\" height=\"650\" src=\"https:\/\/viajur.sk\/wp-content\/uploads\/2024\/03\/dunaj-rose-viajur-plechovka.png\" class=\"attachment-large size-large wp-post-image\" alt=\"\" srcset=\"https:\/\/viajur.sk\/wp-content\/uploads\/2024\/03\/dunaj-rose-viajur-plechovka.png 264w, https:\/\/viajur.sk\/wp-content\/uploads\/2024\/03\/dunaj-rose-viajur-plechovka-122x300.png 122w\" sizes=\"auto, (max-width: 264px) 100vw, 264px\" title=\"\"><\/a><\/div><p class=\"w-post-elm post_custom_field usg_post_custom_field_1 subtitle subtitle-13 has_text_color type_text _description color_link_inherit\"><span class=\"w-post-elm-value\">rose, dry, 2022<\/span><\/p><h4 class=\"w-post-elm post_title usg_post_title_1 has_text_color align_center entry-title color_link_inherit\"><a href=\"https:\/\/viajur.sk\/en\/wine\/cans-of-wine\/dunaj-rose-2022-by-elizabeth-gabay\/\">Dunaj Ros\u00e9 2022 by Elizabeth Gabay<\/a><\/h4><p class=\"w-text usg_text_1 vj_link vj_link_dark subtitle subtitle-13\"><span class=\"w-text-h\"><span class=\"w-text-value\">detail<\/span><\/span><\/p><\/div>\t\t<\/div>\r\n\t\t\t<\/article>\r\n<\/div>\t<div class=\"w-grid-preloader\">\r\n\t\t<div class=\"g-preloader type_1\">\r\n\t\t\t<div><\/div>\r\n\t\t<\/div>\r\n\t<\/div>\r\n\t\t<div class=\"w-grid-json hidden\" onclick='return {&quot;action&quot;:&quot;us_ajax_grid&quot;,&quot;infinite_scroll&quot;:0,&quot;max_num_pages&quot;:1,&quot;pagination&quot;:&quot;none&quot;,&quot;template_vars&quot;:{&quot;columns&quot;:&quot;3&quot;,&quot;exclude_items&quot;:&quot;none&quot;,&quot;img_size&quot;:&quot;default&quot;,&quot;ignore_items_size&quot;:0,&quot;items_layout&quot;:&quot;559&quot;,&quot;items_offset&quot;:&quot;1&quot;,&quot;load_animation&quot;:&quot;none&quot;,&quot;overriding_link&quot;:&quot;%7B%22url%22%3A%22%22%7D&quot;,&quot;post_id&quot;:0,&quot;query_args&quot;:{&quot;post_type&quot;:[&quot;wines&quot;],&quot;tax_query&quot;:[{&quot;taxonomy&quot;:&quot;category&quot;,&quot;field&quot;:&quot;slug&quot;,&quot;terms&quot;:[&quot;cans-of-wine&quot;]}],&quot;post_status&quot;:[&quot;publish&quot;],&quot;posts_per_page&quot;:&quot;50&quot;},&quot;orderby_query_args&quot;:{&quot;orderby&quot;:{&quot;date&quot;:&quot;DESC&quot;}},&quot;type&quot;:&quot;grid&quot;,&quot;us_grid_post_type&quot;:&quot;wines&quot;,&quot;us_grid_ajax_index&quot;:1,&quot;us_grid_filter_query_string&quot;:null,&quot;us_grid_index&quot;:1,&quot;page_args&quot;:[],&quot;lang&quot;:&quot;en&quot;}}'><\/div>\r\n\t<\/div><\/div><\/div><\/div><\/div><\/section>\n","protected":false},"excerpt":{"rendered":"Wine CANS OF WINE Dunaj Ros\u00e9 2022 by Elizabeth GabayDunaj Ros\u00e9 2022 by Elizabeth Gabay&#8220;Ros\u00e9 from the unique Slovak variety Dunaj was created in cooperation with the world-famous rose wine specialist Elizabeth Gabay, Master of Wine. The wine was fermented in stainless steel tanks and matured in acacia barrels using the traditional &#8220;&#8221;sur-lie&#8221;&#8221; method. The...","protected":false},"author":2,"featured_media":0,"parent":738,"menu_order":0,"comment_status":"closed","ping_status":"closed","template":"","meta":{"footnotes":""},"class_list":["post-1823","page","type-page","status-publish","hentry"],"_links":{"self":[{"href":"https:\/\/viajur.sk\/en\/wp-json\/wp\/v2\/pages\/1823","targetHints":{"allow":["GET"]}}],"collection":[{"href":"https:\/\/viajur.sk\/en\/wp-json\/wp\/v2\/pages"}],"about":[{"href":"https:\/\/viajur.sk\/en\/wp-json\/wp\/v2\/types\/page"}],"author":[{"embeddable":true,"href":"https:\/\/viajur.sk\/en\/wp-json\/wp\/v2\/users\/2"}],"replies":[{"embeddable":true,"href":"https:\/\/viajur.sk\/en\/wp-json\/wp\/v2\/comments?post=1823"}],"version-history":[{"count":0,"href":"https:\/\/viajur.sk\/en\/wp-json\/wp\/v2\/pages\/1823\/revisions"}],"up":[{"embeddable":true,"href":"https:\/\/viajur.sk\/en\/wp-json\/wp\/v2\/pages\/738"}],"wp:attachment":[{"href":"https:\/\/viajur.sk\/en\/wp-json\/wp\/v2\/media?parent=1823"}],"curies":[{"name":"wp","href":"https:\/\/api.w.org\/{rel}","templated":true}]}}