{"id":2215,"date":"2024-05-02T07:18:55","date_gmt":"2024-05-02T07:18:55","guid":{"rendered":"https:\/\/viajur.sk\/?page_id=2215"},"modified":"2024-05-06T11:23:59","modified_gmt":"2024-05-06T11:23:59","slug":"tankova-pivnica","status":"publish","type":"page","link":"https:\/\/viajur.sk\/en\/svaty-jur\/pivnice\/tankova-pivnica\/","title":{"rendered":"Tankov\u00e1 pivnica"},"content":{"rendered":"<section class=\"l-section wpb_row us_custom_896cfa17 vj_header_hero height_medium with_img\"><div class=\"l-section-img\" role=\"img\" aria-label=\"Image\" data-img-width=\"1440\" data-img-height=\"580\" style=\"background-image: url(https:\/\/viajur.sk\/wp-content\/uploads\/2024\/03\/usadlost-svaty-jur-1.jpg);background-position: bottom center;background-repeat: no-repeat;\"><\/div><div class=\"l-section-overlay\" style=\"background:linear-gradient(113.88deg, rgba(79, 66, 59, 0.5) 0%, rgba(198, 139, 102, 0.5) 100%)\"><\/div><div class=\"l-section-h i-cf\"><div class=\"g-cols vc_row via_grid cols_1 laptops-cols_inherit tablets-cols_inherit mobiles-cols_1 valign_top type_default stacking_default\"><div class=\"wpb_column vc_column_container\"><div class=\"vc_column-inner\"><div class=\"wpb_text_column us_custom_eb849559\"><div class=\"wpb_wrapper\"><h1>Tankov\u00e1 pivnica<\/h1>\n<\/div><\/div><\/div><\/div><\/div><\/div><\/section><section class=\"l-section wpb_row us_custom_d1bc5a04 vj_sticky_menu height_medium type_sticky\"><div class=\"l-section-h i-cf\"><div class=\"g-cols vc_row via_grid cols_1 laptops-cols_inherit tablets-cols_inherit mobiles-cols_1 valign_top type_default stacking_default\"><div class=\"wpb_column vc_column_container\"><div class=\"vc_column-inner\"><nav class=\"w-menu us_custom_5d178e00 layout_hor style_blocks us_menu_1\" style=\"--main-gap:3.75rem;--main-ver-indent:2rem;--main-bg-color:#DAD1C8;--main-color:#191717;--main-hover-bg-color:#DAD1C8;--main-hover-color:#191717;--main-active-bg-color:#DAD1C8;--main-active-color:#191717;\"><ul id=\"menu-menu-svaty-jur-en\" class=\"menu\"><li id=\"menu-item-1367\" class=\"menu-item menu-item-type-post_type menu-item-object-page menu-item-1367\"><a href=\"https:\/\/viajur.sk\/en\/svaty-jur\/\">Overview<\/a><\/li><li id=\"menu-item-1368\" class=\"menu-item menu-item-type-post_type menu-item-object-page menu-item-1368\"><a href=\"https:\/\/viajur.sk\/en\/svaty-jur\/vineyards\/\">Vineyards<\/a><\/li><li id=\"menu-item-1370\" class=\"menu-item menu-item-type-post_type menu-item-object-page menu-item-1370\"><a href=\"https:\/\/viajur.sk\/en\/svaty-jur\/cellars\/\">Cellars<\/a><\/li><li id=\"menu-item-1369\" class=\"menu-item menu-item-type-post_type menu-item-object-page menu-item-1369\"><a href=\"https:\/\/viajur.sk\/en\/svaty-jur\/wine-tours\/\">Wine Tours<\/a><\/li><\/ul><style>@media ( max-width:10px ){.us_menu_1 .menu{display:block!important}.us_menu_1 .menu>li{margin:0 0 var(--main-gap,3.75rem)!important}}<\/style><\/nav><\/div><\/div><\/div><\/div><\/section>\n<section class=\"l-section wpb_row us_custom_19737bc8 height_medium\"><div class=\"l-section-h i-cf\"><div class=\"g-cols vc_row via_grid cols_1 laptops-cols_inherit tablets-cols_inherit mobiles-cols_1 valign_top type_default stacking_default\" style=\"--columns-gap:0rem;\"><div class=\"wpb_column vc_column_container\"><div class=\"vc_column-inner\"><div class=\"w-hwrapper valign_middle wrap align_center\" style=\"--hwrapper-gap:0px\"><div class=\"wpb_text_column us_custom_2d999f53 subtitle subtitle-13 has_text_color\"><div class=\"wpb_wrapper\"><p><a style=\"color: #191717;\" href=\"\/svaty-jur\/pivnice\/\">Pivnice<\/a><\/p>\n<\/div><\/div><div class=\"w-image us_custom_6e793888 has_height align_none\"><div class=\"w-image-h\"><img decoding=\"async\" width=\"1024\" height=\"1024\" src=\"https:\/\/viajur.sk\/wp-content\/uploads\/2024\/02\/arrow.svg\" class=\"attachment-large size-large\" alt=\"\" loading=\"lazy\" title=\"\"><\/div><\/div><p class=\"w-post-elm post_title us_custom_81109bdc subtitle subtitle-13 has_text_color entry-title color_link_inherit\">Tankov\u00e1 pivnica<\/p><\/div><\/div><\/div><\/div><\/div><\/section><section class=\"l-section wpb_row us_custom_577a9dba vj_content_block vj_content_block_left height_medium\"><div class=\"l-section-h i-cf\"><div class=\"g-cols vc_row via_grid cols_2-1 laptops-cols_inherit tablets-cols_inherit mobiles-cols_1 valign_middle type_default stacking_default\" style=\"--columns-gap:8.75rem;--laptops-columns-gap:8.75rem;--tablets-columns-gap:1.875rem;--mobiles-columns-gap:1.875rem;\"><div class=\"wpb_column vc_column_container us_custom_5530050a vj_content_block_photo stretched\"><div class=\"vc_column-inner\"><div class=\"w-image us_custom_dd5e410f vj_img_overlay vj_img_cover has_height align_left\"><div class=\"w-image-h\"><img decoding=\"async\" width=\"800\" height=\"600\" src=\"https:\/\/viajur.sk\/wp-content\/uploads\/2024\/05\/tankova-pivnica-1.jpeg\" class=\"attachment-large size-large\" alt=\"\" loading=\"lazy\" srcset=\"https:\/\/viajur.sk\/wp-content\/uploads\/2024\/05\/tankova-pivnica-1.jpeg 800w, https:\/\/viajur.sk\/wp-content\/uploads\/2024\/05\/tankova-pivnica-1-300x225.jpeg 300w\" sizes=\"auto, (max-width: 800px) 100vw, 800px\" title=\"\"><\/div><\/div><\/div><\/div><div class=\"wpb_column vc_column_container vj_content_block_content\"><div class=\"vc_column-inner\"><div class=\"w-vwrapper us_custom_2b3cbb5f align_left valign_middle\" style=\"--vwrapper-gap:1.25rem\"><div class=\"wpb_text_column us_custom_1f257949\"><div class=\"wpb_wrapper\"><h3>Tankov\u00e1 pivnica<\/h3>\n<\/div><\/div><div class=\"wpb_text_column us_custom_1f257949\"><div class=\"wpb_wrapper\"><p>P\u00f4vodn\u00e1 pivnica so zachovan\u00fdmi tehlov\u00fdmi klenbami je vybaven\u00e1 nerezov\u00fdmi n\u00e1dobami s duplik\u00e1tormi s riadenou teplotou kvasenia. V\u0161etky n\u00e1doby s\u00fa vybaven\u00e9 aj vlastn\u00fdm inertiza\u010dn\u00fdm dus\u00edkov\u00fdm syst\u00e9mom.<\/p>\n<p>Pivnica, v ktorej sa v\u00edno dor\u00e1ba od roku 1580, je v s\u00fa\u010dasnosti vybaven\u00e1 riadenou cirkul\u00e1ciou vzduchu, odvetr\u00e1van\u00edm aj kontrolou hladiny CO2.<\/p>\n<\/div><\/div><\/div><\/div><\/div><\/div><\/div><\/section><section class=\"l-section wpb_row us_custom_0bbfbcde height_medium\"><div class=\"l-section-h i-cf\"><div class=\"g-cols vc_row via_grid cols_1 laptops-cols_inherit tablets-cols_inherit mobiles-cols_1 valign_top type_default stacking_default\"><div class=\"wpb_column vc_column_container\"><div class=\"vc_column-inner\"><div class=\"w-vwrapper us_custom_1a1bc824 align_center valign_top\" style=\"--vwrapper-gap:0rem\"><div class=\"wpb_text_column us_custom_1e9d1b86 subtitle subtitle-13 has_text_color\"><div class=\"wpb_wrapper\"><p>Za\u017eite viajur<\/p>\n<\/div><\/div><div class=\"wpb_text_column us_custom_eb849559\"><div class=\"wpb_wrapper\"><h4>Spoznajte vin\u00e1rstvo VIAJUR prostredn\u00edctvom komentovan\u00fdch prehliadok vinohradov spojen\u00fdch s degust\u00e1ciou v\u00edn.<\/h4>\n<\/div><\/div><div class=\"w-hwrapper us_custom_45fc385b valign_top wrap align_none\" style=\"--hwrapper-gap:2.5rem\"><div class=\"wpb_text_column us_custom_ff493d06 vj_link vj_link_dark\"><div class=\"wpb_wrapper\"><p><a href=\"\/degustacie\/\" target=\"_blank\" rel=\"noopener\">viac o winetours<\/a><\/p>\n<\/div><\/div><\/div><\/div><\/div><\/div><\/div><\/div><\/section>\n","protected":false},"excerpt":{"rendered":"Tankov\u00e1 pivnica OverviewVineyardsCellarsWine Tours Pivnice Tankov\u00e1 pivnicaTankov\u00e1 pivnica P\u00f4vodn\u00e1 pivnica so zachovan\u00fdmi tehlov\u00fdmi klenbami je vybaven\u00e1 nerezov\u00fdmi n\u00e1dobami s duplik\u00e1tormi s riadenou teplotou kvasenia. V\u0161etky n\u00e1doby s\u00fa vybaven\u00e9 aj vlastn\u00fdm inertiza\u010dn\u00fdm dus\u00edkov\u00fdm syst\u00e9mom. Pivnica, v ktorej sa v\u00edno dor\u00e1ba od roku 1580, je v s\u00fa\u010dasnosti vybaven\u00e1 riadenou cirkul\u00e1ciou vzduchu, odvetr\u00e1van\u00edm aj kontrolou hladiny CO2. Za\u017eite...","protected":false},"author":2,"featured_media":0,"parent":810,"menu_order":0,"comment_status":"closed","ping_status":"closed","template":"","meta":{"footnotes":""},"class_list":["post-2215","page","type-page","status-publish","hentry"],"_links":{"self":[{"href":"https:\/\/viajur.sk\/en\/wp-json\/wp\/v2\/pages\/2215","targetHints":{"allow":["GET"]}}],"collection":[{"href":"https:\/\/viajur.sk\/en\/wp-json\/wp\/v2\/pages"}],"about":[{"href":"https:\/\/viajur.sk\/en\/wp-json\/wp\/v2\/types\/page"}],"author":[{"embeddable":true,"href":"https:\/\/viajur.sk\/en\/wp-json\/wp\/v2\/users\/2"}],"replies":[{"embeddable":true,"href":"https:\/\/viajur.sk\/en\/wp-json\/wp\/v2\/comments?post=2215"}],"version-history":[{"count":0,"href":"https:\/\/viajur.sk\/en\/wp-json\/wp\/v2\/pages\/2215\/revisions"}],"up":[{"embeddable":true,"href":"https:\/\/viajur.sk\/en\/wp-json\/wp\/v2\/pages\/810"}],"wp:attachment":[{"href":"https:\/\/viajur.sk\/en\/wp-json\/wp\/v2\/media?parent=2215"}],"curies":[{"name":"wp","href":"https:\/\/api.w.org\/{rel}","templated":true}]}}